{"id":1237,"date":"2024-12-28T13:28:48","date_gmt":"2024-12-28T13:28:48","guid":{"rendered":"https:\/\/bkp.mcsc.smainternational.site\/?page_id=1237"},"modified":"2024-12-30T10:52:45","modified_gmt":"2024-12-30T10:52:45","slug":"audio","status":"publish","type":"page","link":"https:\/\/soeursmcsc.org\/index.php\/audio\/","title":{"rendered":"Audios"},"content":{"rendered":"\n<div class=\"wp-block-group is-layout-constrained wp-block-group-is-layout-constrained\">\n<p><strong>T\u00e9moignage d&rsquo;une maman<\/strong><\/p>\n\n\n\n<figure class=\"wp-block-audio\"><audio controls src=\"https:\/\/soeursmcsc.org\/wp-content\/uploads\/2024\/12\/Temoignage-dune-maman.mp3\"><\/audio><\/figure>\n\n\n\n<div style=\"height:20px\" aria-hidden=\"true\" class=\"wp-block-spacer\"><\/div>\n\n\n\n<p><strong>T\u00e9moignage de Mme Marte Pagala<\/strong><\/p>\n\n\n\n<figure class=\"wp-block-audio\"><audio controls src=\"https:\/\/soeursmcsc.org\/wp-content\/uploads\/2024\/12\/Temoignage-de-Mme-Marte-Pagala.mp3\"><\/audio><\/figure>\n\n\n\n<div style=\"height:20px\" aria-hidden=\"true\" class=\"wp-block-spacer\"><\/div>\n\n\n\n<p><strong>T\u00e9moignage de Mme Francoise Yad<strong>\u00e9<\/strong><\/strong><\/p>\n\n\n\n<figure class=\"wp-block-audio\"><audio controls src=\"https:\/\/soeursmcsc.org\/wp-content\/uploads\/2024\/12\/Temoignage-de-Mme-Francoise-Yade.mp3\"><\/audio><\/figure>\n\n\n\n<div style=\"height:20px\" aria-hidden=\"true\" class=\"wp-block-spacer\"><\/div>\n\n\n\n<p><strong>T\u00e9moignage du cat\u00e9chiste Alphonse Pehunco<\/strong><\/p>\n\n\n\n<figure class=\"wp-block-audio\"><audio controls src=\"https:\/\/soeursmcsc.org\/wp-content\/uploads\/2024\/12\/Temoignage-de-catechiste-Alphonse-Pehunco.mp3\"><\/audio><\/figure>\n<\/div>\n\n\n\n<p><\/p>\n","protected":false},"excerpt":{"rendered":"<p>T\u00e9moignage d&rsquo;une maman T\u00e9moignage de Mme Marte Pagala T\u00e9moignage de Mme Francoise Yad\u00e9 T\u00e9moignage du cat\u00e9chiste Alphonse Pehunco<\/p>\n","protected":false},"author":1,"featured_media":0,"parent":0,"menu_order":0,"comment_status":"closed","ping_status":"closed","template":"","meta":{"_uag_custom_page_level_css":"","_EventAllDay":false,"_EventTimezone":"","_EventStartDate":"","_EventEndDate":"","_EventStartDateUTC":"","_EventEndDateUTC":"","_EventShowMap":false,"_EventShowMapLink":false,"_EventURL":"","_EventCost":"","_EventCostDescription":"","_EventCurrencySymbol":"","_EventCurrencyCode":"","_EventCurrencyPosition":"","_EventDateTimeSeparator":"","_EventTimeRangeSeparator":"","_EventOrganizerID":[],"_EventVenueID":[],"_OrganizerEmail":"","_OrganizerPhone":"","_OrganizerWebsite":"","_VenueAddress":"","_VenueCity":"","_VenueCountry":"","_VenueProvince":"","_VenueState":"","_VenueZip":"","_VenuePhone":"","_VenueURL":"","_VenueStateProvince":"","_VenueLat":"","_VenueLng":"","_VenueShowMap":false,"_VenueShowMapLink":false,"footnotes":""},"class_list":["post-1237","page","type-page","status-publish","hentry"],"uagb_featured_image_src":{"full":false,"thumbnail":false,"medium":false,"medium_large":false,"large":false,"1536x1536":false,"2048x2048":false},"uagb_author_info":{"display_name":"MCS-C","author_link":"https:\/\/soeursmcsc.org\/index.php\/author\/admin\/"},"uagb_comment_info":0,"uagb_excerpt":"T\u00e9moignage d&rsquo;une maman T\u00e9moignage de Mme Marte Pagala T\u00e9moignage de Mme Francoise Yad\u00e9 T\u00e9moignage du cat\u00e9chiste Alphonse Pehunco","_links":{"self":[{"href":"https:\/\/soeursmcsc.org\/index.php\/wp-json\/wp\/v2\/pages\/1237","targetHints":{"allow":["GET"]}}],"collection":[{"href":"https:\/\/soeursmcsc.org\/index.php\/wp-json\/wp\/v2\/pages"}],"about":[{"href":"https:\/\/soeursmcsc.org\/index.php\/wp-json\/wp\/v2\/types\/page"}],"author":[{"embeddable":true,"href":"https:\/\/soeursmcsc.org\/index.php\/wp-json\/wp\/v2\/users\/1"}],"replies":[{"embeddable":true,"href":"https:\/\/soeursmcsc.org\/index.php\/wp-json\/wp\/v2\/comments?post=1237"}],"version-history":[{"count":4,"href":"https:\/\/soeursmcsc.org\/index.php\/wp-json\/wp\/v2\/pages\/1237\/revisions"}],"predecessor-version":[{"id":1283,"href":"https:\/\/soeursmcsc.org\/index.php\/wp-json\/wp\/v2\/pages\/1237\/revisions\/1283"}],"wp:attachment":[{"href":"https:\/\/soeursmcsc.org\/index.php\/wp-json\/wp\/v2\/media?parent=1237"}],"curies":[{"name":"wp","href":"https:\/\/api.w.org\/{rel}","templated":true}]}}