{"id":170,"date":"2023-11-14T11:47:12","date_gmt":"2023-11-14T11:47:12","guid":{"rendered":"https:\/\/soeursmissionnairescatechistes.org\/?page_id=170"},"modified":"2024-12-28T17:37:54","modified_gmt":"2024-12-28T17:37:54","slug":"notre-charisme","status":"publish","type":"page","link":"https:\/\/soeursmcsc.org\/index.php\/notre-charisme\/","title":{"rendered":"Notre Charisme"},"content":{"rendered":"\n<div class=\"wp-block-media-text is-stacked-on-mobile\" style=\"grid-template-columns:20% auto\"><figure class=\"wp-block-media-text__media\"><img loading=\"lazy\" decoding=\"async\" width=\"1024\" height=\"683\" src=\"https:\/\/soeursmcsc.org\/wp-content\/uploads\/2024\/02\/LadorationEucharistique-1024x683.jpg\" alt=\"\" class=\"wp-image-284 size-full\" srcset=\"https:\/\/soeursmcsc.org\/wp-content\/uploads\/2024\/02\/LadorationEucharistique-1024x683.jpg 1024w, https:\/\/soeursmcsc.org\/wp-content\/uploads\/2024\/02\/LadorationEucharistique-300x200.jpg 300w, https:\/\/soeursmcsc.org\/wp-content\/uploads\/2024\/02\/LadorationEucharistique-768x512.jpg 768w, https:\/\/soeursmcsc.org\/wp-content\/uploads\/2024\/02\/LadorationEucharistique-1536x1024.jpg 1536w, https:\/\/soeursmcsc.org\/wp-content\/uploads\/2024\/02\/LadorationEucharistique-2048x1365.jpg 2048w\" sizes=\"auto, (max-width: 1024px) 100vw, 1024px\" \/><\/figure><div class=\"wp-block-media-text__content\">\n<p><\/p>\n\n\n\n<p><\/p>\n\n\n\n<p><\/p>\n\n\n\n<p class=\"has-text-align-center\"><strong>ADORATION<\/strong><\/p>\n\n\n\n<p class=\"has-normal-font-size\">La pri\u00e8re devant l&rsquo;Eucharistie nous introduit toujours plus profond\u00e9ment dans le myst\u00e8re du C\u0153ur du Christ, o\u00f9 Dieu nous manifeste son Amour et nous invite \u00e0 participer \u00e0 son \u0153uvre de salut dans le monde entier (Constitutions n\u00b0 85).<\/p>\n\n\n\n<p class=\"has-normal-font-size\">Nous ne pouvons pas vivre notre vie religieuse au service de la Mission sans une r\u00e9elle union \u00e0 Dieu dans la pri\u00e8re (Constitution n\u00b0 79).<\/p>\n\n\n\n<p class=\"has-normal-font-size\">L&rsquo;Adoration Eucharistique est le pilier de notre vie (Droit Propre).<\/p>\n<\/div><\/div>\n\n\n\n<div class=\"wp-block-media-text is-stacked-on-mobile\" style=\"grid-template-columns:20% auto\"><figure class=\"wp-block-media-text__media\"><img loading=\"lazy\" decoding=\"async\" width=\"1024\" height=\"705\" src=\"https:\/\/soeursmcsc.org\/wp-content\/uploads\/2024\/12\/La-fresque-de-la-chapelle-de-La-Colombiere-a-Paray-le-Monial-\u00a9-Sanctuaire-du-Sacre-Coeur-1024x705.jpg\" alt=\"\u00a9 Sanctuaire du Sacr\u00e9-C\u0153ur\" class=\"wp-image-1168 size-full\" srcset=\"https:\/\/soeursmcsc.org\/wp-content\/uploads\/2024\/12\/La-fresque-de-la-chapelle-de-La-Colombiere-a-Paray-le-Monial-\u00a9-Sanctuaire-du-Sacre-Coeur-1024x705.jpg 1024w, https:\/\/soeursmcsc.org\/wp-content\/uploads\/2024\/12\/La-fresque-de-la-chapelle-de-La-Colombiere-a-Paray-le-Monial-\u00a9-Sanctuaire-du-Sacre-Coeur-300x206.jpg 300w, https:\/\/soeursmcsc.org\/wp-content\/uploads\/2024\/12\/La-fresque-de-la-chapelle-de-La-Colombiere-a-Paray-le-Monial-\u00a9-Sanctuaire-du-Sacre-Coeur-768x528.jpg 768w, https:\/\/soeursmcsc.org\/wp-content\/uploads\/2024\/12\/La-fresque-de-la-chapelle-de-La-Colombiere-a-Paray-le-Monial-\u00a9-Sanctuaire-du-Sacre-Coeur-1536x1057.jpg 1536w, https:\/\/soeursmcsc.org\/wp-content\/uploads\/2024\/12\/La-fresque-de-la-chapelle-de-La-Colombiere-a-Paray-le-Monial-\u00a9-Sanctuaire-du-Sacre-Coeur.jpg 2000w\" sizes=\"auto, (max-width: 1024px) 100vw, 1024px\" \/><\/figure><div class=\"wp-block-media-text__content\">\n<p><\/p>\n\n\n\n<p><\/p>\n\n\n\n<p><\/p>\n\n\n\n<p class=\"has-text-align-center\"><strong><strong>SPIRITUALIT\u00c9 <\/strong><\/strong><\/p>\n\n\n\n<p>Notre spiritualit\u00e9 du Sacr\u00e9-C\u0153ur nous invite \u00e0 contempler les \u0153uvres de Dieu, \u00e0 entrer chaque jour davantage dans l&rsquo;Amour du P\u00e8re r\u00e9v\u00e9l\u00e9 en J\u00e9sus-Christ dans une attitude d&rsquo;adoration et \u00e0 y puiser l&rsquo;\u00e9nergie spirituelle qui nous fait vivre et anime notre mission (Actes du Chapitre 2010 p. 1).  L&rsquo;esprit des Missionnaires Cat\u00e9chistes du Sacr\u00e9-C\u0153ur, c&rsquo;est l&rsquo;esprit m\u00eame de l&rsquo;\u00c9vangile : \u00ab Avant tout, cherchez le Royaume de Dieu, et tout le reste vous sera donn\u00e9 en plus \u00bb (Mt 6, 33).<br>Chaque S\u0153ur doit vivre dans un esprit de charit\u00e9, un esprit d&rsquo;humilit\u00e9, et acqu\u00e9rir une vie int\u00e9rieure profonde puis\u00e9e dans l&rsquo;Eucharistie.<br>La charit\u00e9 : c&rsquo;est le fondement de l&rsquo;\u00c9vangile, car l&rsquo;amour est le plus grand commandement de J\u00e9sus. Rappelons-nous que l&rsquo;\u00c9vangile \u00e9tait l&rsquo;unique livre de m\u00e9ditation d&rsquo;Alice. Dans sa correspondance, Alice ne cessait de r\u00e9p\u00e9ter aux premi\u00e8res Petites Servantes : \u00abLa charit\u00e9&#8230; la charit\u00e9 entre elles ! Que la charit\u00e9 r\u00e8gne toujours dans la Soci\u00e9t\u00e9&#8230; \u00bb. C&rsquo;\u00e9tait son premier souci et elle demandait que l&rsquo;on prie pour que \u00ab toutes les Petites Servantes aient bien dans leur c\u0153ur la charit\u00e9 \u00bb .<\/p>\n\n\n\n<p><em>Image: \u00a9 Sanctuaire du Sacr\u00e9-C\u0153ur<\/em><\/p>\n<\/div><\/div>\n\n\n\n<p><\/p>\n\n\n\n<div class=\"wp-block-media-text is-stacked-on-mobile\" style=\"grid-template-columns:20% auto\"><figure class=\"wp-block-media-text__media\"><img loading=\"lazy\" decoding=\"async\" width=\"1024\" height=\"683\" src=\"https:\/\/soeursmcsc.org\/wp-content\/uploads\/2023\/11\/Premiere-evangelisation-1024x683.jpg\" alt=\"\" class=\"wp-image-157 size-full\" srcset=\"https:\/\/soeursmcsc.org\/wp-content\/uploads\/2023\/11\/Premiere-evangelisation-1024x683.jpg 1024w, https:\/\/soeursmcsc.org\/wp-content\/uploads\/2023\/11\/Premiere-evangelisation-300x200.jpg 300w, https:\/\/soeursmcsc.org\/wp-content\/uploads\/2023\/11\/Premiere-evangelisation-768x512.jpg 768w, https:\/\/soeursmcsc.org\/wp-content\/uploads\/2023\/11\/Premiere-evangelisation-1536x1024.jpg 1536w, https:\/\/soeursmcsc.org\/wp-content\/uploads\/2023\/11\/Premiere-evangelisation-2048x1365.jpg 2048w\" sizes=\"auto, (max-width: 1024px) 100vw, 1024px\" \/><\/figure><div class=\"wp-block-media-text__content\">\n<p><\/p>\n\n\n\n<p><\/p>\n\n\n\n<p class=\"has-text-align-center\"><strong>PREMI\u00c8RE \u00c9VANG\u00c9LISATION<\/strong><\/p>\n\n\n\n<p>L&rsquo;annonce de l&rsquo;\u00c9vangile, de pr\u00e9f\u00e9rence, dans les milieux o\u00f9 le Christ n&rsquo;est pas encore connu.<br>En son Fils J\u00e9sus-Christ envoy\u00e9 aux hommes, Dieu accomplit son \u0153uvre de salut. Au jour de la Pentec\u00f4te, J\u00e9sus fait don de l&rsquo;Esprit \u00e0 ses disciples et les envoie dans le monde annoncer la bonne nouvelle du salut (Constitution n\u00b0 101).<br>Nous percevons et entendons les appels des diff\u00e9rentes \u00c9glises locales dans lesquelles nous sommes ins\u00e9r\u00e9es, et avec lesquelles nous voulons collaborer.<\/p>\n<\/div><\/div>\n\n\n\n<div class=\"wp-block-media-text is-stacked-on-mobile is-vertically-aligned-center\" style=\"grid-template-columns:20% auto\"><figure class=\"wp-block-media-text__media\"><img loading=\"lazy\" decoding=\"async\" width=\"1024\" height=\"683\" src=\"https:\/\/soeursmcsc.org\/wp-content\/uploads\/2024\/02\/Vie-communautaire-1-1024x683.jpg\" alt=\"\" class=\"wp-image-283 size-full\" srcset=\"https:\/\/soeursmcsc.org\/wp-content\/uploads\/2024\/02\/Vie-communautaire-1-1024x683.jpg 1024w, https:\/\/soeursmcsc.org\/wp-content\/uploads\/2024\/02\/Vie-communautaire-1-300x200.jpg 300w, https:\/\/soeursmcsc.org\/wp-content\/uploads\/2024\/02\/Vie-communautaire-1-768x512.jpg 768w, https:\/\/soeursmcsc.org\/wp-content\/uploads\/2024\/02\/Vie-communautaire-1-1536x1024.jpg 1536w, https:\/\/soeursmcsc.org\/wp-content\/uploads\/2024\/02\/Vie-communautaire-1-2048x1365.jpg 2048w\" sizes=\"auto, (max-width: 1024px) 100vw, 1024px\" \/><\/figure><div class=\"wp-block-media-text__content\">\n<p><\/p>\n\n\n\n<p><\/p>\n\n\n\n<p class=\"has-text-align-center\"><strong>VIE COMMUNAUTAIRE<\/strong><\/p>\n\n\n\n<p>Une vie de famille o\u00f9 se partage joies et peines, une vie fraternelle v\u00e9cue en communaut\u00e9 faite de simplicit\u00e9, d&rsquo;accueil et de disponibilit\u00e9.<br>Notre amour du Christ et de nos fr\u00e8res doit ainsi \u00eatre v\u00e9cu au sein de la Communaut\u00e9 qui est appel\u00e9e \u00e0 le rayonner (Constitution n\u00b0 62).<br>Chacune de nous est \u00e0 part enti\u00e8re membre de l&rsquo;Institut, reconnue et aim\u00e9e, chacune avec ses richesses, ses faiblesses (Droit Propre).<br>Si vous avez de l&rsquo;amour les uns pour les autres, tous reconnaitront que vous \u00eates mes disciples (J 13, 35).<\/p>\n<\/div><\/div>\n\n\n\n<div class=\"wp-block-media-text is-stacked-on-mobile\" style=\"grid-template-columns:20% auto\"><figure class=\"wp-block-media-text__media\"><img loading=\"lazy\" decoding=\"async\" width=\"1024\" height=\"683\" src=\"https:\/\/soeursmcsc.org\/wp-content\/uploads\/2024\/12\/IMG_2698-1024x683.jpg\" alt=\"\" class=\"wp-image-1170 size-full\" srcset=\"https:\/\/soeursmcsc.org\/wp-content\/uploads\/2024\/12\/IMG_2698-1024x683.jpg 1024w, https:\/\/soeursmcsc.org\/wp-content\/uploads\/2024\/12\/IMG_2698-300x200.jpg 300w, https:\/\/soeursmcsc.org\/wp-content\/uploads\/2024\/12\/IMG_2698-768x512.jpg 768w, https:\/\/soeursmcsc.org\/wp-content\/uploads\/2024\/12\/IMG_2698-1536x1024.jpg 1536w, https:\/\/soeursmcsc.org\/wp-content\/uploads\/2024\/12\/IMG_2698-2048x1365.jpg 2048w\" sizes=\"auto, (max-width: 1024px) 100vw, 1024px\" \/><\/figure><div class=\"wp-block-media-text__content\">\n<p><\/p>\n\n\n\n<p><\/p>\n\n\n\n<p class=\"has-text-align-center\"><strong><strong>ACTIVIT\u00c9S<\/strong><\/strong><\/p>\n\n\n\n<p>Nous percevons et entendons les appels de la population et des \u00c9glises locales dans lesquelles nous sommes ins\u00e9r\u00e9es et avec lesquelles nous voulons collaborer pour l&rsquo;annonce de l&rsquo;\u00c9vangile. Cela se traduit par toute forme de travail r\u00e9pondant aux besoins de milieu et selon nos possibilit\u00e9s : la cat\u00e9ch\u00e8se, formation des cat\u00e9chistes, la promotion f\u00e9minine, l&rsquo;animation rurale, les visite \u00e0 domicile, les contacts personnels, les soins aux malades, les \u00e9coles, &#8230;<br>Partout o\u00f9 nous sommes, nous avons \u00e0 c\u0153ur de t\u00e9moigner, par notre vie, du souffle missionnaire qui nous habite et nous pousse \u00e0 la rencontre de l&rsquo;autre (Actes du Chapitre 2010).<\/p>\n<\/div><\/div>\n\n\n\n<p><\/p>\n","protected":false},"excerpt":{"rendered":"<p>ADORATION La pri\u00e8re devant l&rsquo;Eucharistie nous introduit toujours plus profond\u00e9ment dans le myst\u00e8re du C\u0153ur du Christ, o\u00f9 Dieu nous manifeste son Amour et nous invite \u00e0 participer \u00e0&#8230;<\/p>\n","protected":false},"author":1,"featured_media":0,"parent":0,"menu_order":0,"comment_status":"closed","ping_status":"closed","template":"","meta":{"_uag_custom_page_level_css":"","_EventAllDay":false,"_EventTimezone":"","_EventStartDate":"","_EventEndDate":"","_EventStartDateUTC":"","_EventEndDateUTC":"","_EventShowMap":false,"_EventShowMapLink":false,"_EventURL":"","_EventCost":"","_EventCostDescription":"","_EventCurrencySymbol":"","_EventCurrencyCode":"","_EventCurrencyPosition":"","_EventDateTimeSeparator":"","_EventTimeRangeSeparator":"","_EventOrganizerID":[],"_EventVenueID":[],"_OrganizerEmail":"","_OrganizerPhone":"","_OrganizerWebsite":"","_VenueAddress":"","_VenueCity":"","_VenueCountry":"","_VenueProvince":"","_VenueState":"","_VenueZip":"","_VenuePhone":"","_VenueURL":"","_VenueStateProvince":"","_VenueLat":"","_VenueLng":"","_VenueShowMap":false,"_VenueShowMapLink":false,"footnotes":""},"class_list":["post-170","page","type-page","status-publish","hentry"],"uagb_featured_image_src":{"full":false,"thumbnail":false,"medium":false,"medium_large":false,"large":false,"1536x1536":false,"2048x2048":false},"uagb_author_info":{"display_name":"MCS-C","author_link":"https:\/\/soeursmcsc.org\/index.php\/author\/admin\/"},"uagb_comment_info":0,"uagb_excerpt":"ADORATION La pri\u00e8re devant l&rsquo;Eucharistie nous introduit toujours plus profond\u00e9ment dans le myst\u00e8re du C\u0153ur du Christ, o\u00f9 Dieu nous manifeste son Amour et nous invite \u00e0 participer \u00e0...","_links":{"self":[{"href":"https:\/\/soeursmcsc.org\/index.php\/wp-json\/wp\/v2\/pages\/170","targetHints":{"allow":["GET"]}}],"collection":[{"href":"https:\/\/soeursmcsc.org\/index.php\/wp-json\/wp\/v2\/pages"}],"about":[{"href":"https:\/\/soeursmcsc.org\/index.php\/wp-json\/wp\/v2\/types\/page"}],"author":[{"embeddable":true,"href":"https:\/\/soeursmcsc.org\/index.php\/wp-json\/wp\/v2\/users\/1"}],"replies":[{"embeddable":true,"href":"https:\/\/soeursmcsc.org\/index.php\/wp-json\/wp\/v2\/comments?post=170"}],"version-history":[{"count":14,"href":"https:\/\/soeursmcsc.org\/index.php\/wp-json\/wp\/v2\/pages\/170\/revisions"}],"predecessor-version":[{"id":1252,"href":"https:\/\/soeursmcsc.org\/index.php\/wp-json\/wp\/v2\/pages\/170\/revisions\/1252"}],"wp:attachment":[{"href":"https:\/\/soeursmcsc.org\/index.php\/wp-json\/wp\/v2\/media?parent=170"}],"curies":[{"name":"wp","href":"https:\/\/api.w.org\/{rel}","templated":true}]}}