{"id":185,"date":"2023-11-14T16:25:34","date_gmt":"2023-11-14T16:25:34","guid":{"rendered":"https:\/\/soeursmissionnairescatechistes.org\/?page_id=185"},"modified":"2024-04-06T09:33:58","modified_gmt":"2024-04-06T09:33:58","slug":"vie-de-priere","status":"publish","type":"page","link":"https:\/\/soeursmcsc.org\/index.php\/vie-de-priere\/","title":{"rendered":"Vie de Pri\u00e8re"},"content":{"rendered":"\n<div class=\"wp-block-media-text is-stacked-on-mobile\" style=\"grid-template-columns:30% auto\"><figure class=\"wp-block-media-text__media\"><img loading=\"lazy\" decoding=\"async\" width=\"300\" height=\"169\" src=\"https:\/\/soeursmcsc.org\/wp-content\/uploads\/2023\/11\/vie_de_priere-300x169.jpg\" alt=\"\" class=\"wp-image-186 size-medium\" srcset=\"https:\/\/soeursmcsc.org\/wp-content\/uploads\/2023\/11\/vie_de_priere-300x169.jpg 300w, https:\/\/soeursmcsc.org\/wp-content\/uploads\/2023\/11\/vie_de_priere-1024x576.jpg 1024w, https:\/\/soeursmcsc.org\/wp-content\/uploads\/2023\/11\/vie_de_priere-768x432.jpg 768w, https:\/\/soeursmcsc.org\/wp-content\/uploads\/2023\/11\/vie_de_priere-1536x864.jpg 1536w, https:\/\/soeursmcsc.org\/wp-content\/uploads\/2023\/11\/vie_de_priere-2048x1152.jpg 2048w\" sizes=\"auto, (max-width: 300px) 100vw, 300px\" \/><\/figure><div class=\"wp-block-media-text__content\">\n<p><\/p>\n\n\n\n<p><strong>\u00c0 la lumi\u00e8re de l&rsquo;Esprit, nous voulons reconna\u00eetre l&rsquo;Amour de Dieu par le c\u0153ur de son Fils.<\/strong><br><strong>La pri\u00e8re a pour nous une grand place.<br>L&rsquo;Adoration Eucharistique est le pilier de notre vie.<\/strong><\/p>\n\n\n\n<p>Nous ne pouvons pas vivre notre vie religieuse au service de la mission, sans une r\u00e9elle union \u00e0 Dieu dans la pri\u00e8re.<\/p>\n\n\n\n<p><strong>\u00ab Celui qui demeure en moi, et moi en lui, celui-l\u00e0 porte beaucoup de fruit ; car hors de moi, vous ne pouvez rien faire \u00bb. (Jean 15,5)<\/strong><\/p>\n<\/div><\/div>\n\n\n\n<p>Notre vie de pri\u00e8re prend des multiples formes, mais se r\u00e9f\u00e8re toujours \u00e0 deux p\u00f4les principaux : l&rsquo;Eucharistie et la Sainte \u00c9criture.<br>Comme dans la vie du Christ o\u00f9 la pri\u00e8re est li\u00e9e \u00e0 l&rsquo;annonce du Royaume, notre pri\u00e8re et notre action ne doivent pas \u00eatre s\u00e9par\u00e9es. <br>Elles doivent former un tout indivisible, sans se confondre\u2026<\/p>\n\n\n\n<p><br>La famille religieuse est consacr\u00e9e au Sacr\u00e9-C\u0153ur de J\u00e9sus et au C\u0153ur Immacul\u00e9 de Marie. L&rsquo;Eucharistie, l&rsquo;adoration du Saint Sacrement, tiennent une grande place, car une religieuse n&rsquo;est rien sans la pri\u00e8re, c&rsquo;est l\u00e0 qu&rsquo;elle puise sa force. Le travail des s\u0153urs, quel qu&rsquo;il soit, \u00ab<br>c&rsquo;est Dieu cherch\u00e9 en tout \u00bb.<\/p>\n\n\n\n<p><br><strong>La spiritualit\u00e9 du Sacr\u00e9 C\u0153ur<\/strong><br><strong><br><\/strong>Notre M\u00e8re Alice n&rsquo;a pas \u00e9labor\u00e9 ni d\u00e9velopp\u00e9 une pr\u00e9sentation de la spiritualit\u00e9 du C\u0153ur de J\u00e9sus. Elle reprenait les repr\u00e9sentations de son temps, comme c&rsquo;\u00e9tait alors le cas un peu partout. En revanche, elle a v\u00e9cu concr\u00e8tement une spiritualit\u00e9 du C\u0153ur de J\u00e9sus qui l&rsquo;a<br>engag\u00e9e radicalement au service de l&rsquo;\u00c9vang\u00e9lisation aupr\u00e8s des Africains, \u00e0 travers l&rsquo;attitude de la compassion.<\/p>\n\n\n\n<p><br>En contemplant J\u00e9sus sur la Croix, on peut y lire la vie de tous les Hommes, de tous les lieux et de tous les temps, en prise avec la torture, le m\u00e9pris, l&rsquo;exclusion, la tentation du d\u00e9sespoir. J\u00e9sus fix\u00e9 \u00e0 la Croix, impuissant, inoffensif, pauvre, humble, patient et qui pardonne, nous r\u00e9v\u00e8le la v\u00e9ritable image du P\u00e8re\u202f; son Amour sans mesure pour tous les Hommes et pour tout Homme.<\/p>\n\n\n\n<p><br>Notre contemplation de J\u00e9sus en croix nous am\u00e8ne \u00e0 une attitude d&rsquo;adoration, qui se manifeste concr\u00e8tement par nos temps de pri\u00e8re, que nous voulons absolument sauvegarder dans nos journ\u00e9es actives (Constitutions, n\u00b0 79). Cette pri\u00e8re nous am\u00e8ne \u00e0 d\u00e9couvrir de plus en plus le myst\u00e8re de l&rsquo;Amour du P\u00e8re pour nous.<\/p>\n\n\n\n<p><br>La contemplation de J\u00e9sus en croix nous fait entrer dans le myst\u00e8re de l&rsquo;Amour de Dieu qui est all\u00e9 \u00ab jusqu&rsquo;au bout de l&rsquo;amour \u00bb, jusqu&rsquo;\u00e0 la mort o\u00f9 il rejoint l&rsquo;homme au point d\u00e9cisif de son existence. Model\u00e9es par cet amour, nous nous laissons identifier \u00e0 J\u00e9sus. Ce n&rsquo;est pas par notre propre force que nous pouvons y parvenir, mais seulement par la force de son Esprit.<\/p>\n\n\n\n<p><br>La contemplation de J\u00e9sus en croix nous presse de faire conna\u00eetre \u00e0 tous les hommes la profondeur de l&rsquo;Amour de Dieu.<\/p>\n\n\n\n<p><br><strong>Nous voulons comme J\u00e9sus prendre le risque d&rsquo;aimer par la force de son Esprit. <\/strong><\/p>\n","protected":false},"excerpt":{"rendered":"<p>\u00c0 la lumi\u00e8re de l&rsquo;Esprit, nous voulons reconna\u00eetre l&rsquo;Amour de Dieu par le c\u0153ur de son Fils.La pri\u00e8re a pour nous une grand place.L&rsquo;Adoration Eucharistique est le pilier de&#8230;<\/p>\n","protected":false},"author":1,"featured_media":0,"parent":0,"menu_order":0,"comment_status":"closed","ping_status":"closed","template":"","meta":{"_uag_custom_page_level_css":"","_EventAllDay":false,"_EventTimezone":"","_EventStartDate":"","_EventEndDate":"","_EventStartDateUTC":"","_EventEndDateUTC":"","_EventShowMap":false,"_EventShowMapLink":false,"_EventURL":"","_EventCost":"","_EventCostDescription":"","_EventCurrencySymbol":"","_EventCurrencyCode":"","_EventCurrencyPosition":"","_EventDateTimeSeparator":"","_EventTimeRangeSeparator":"","_EventOrganizerID":[],"_EventVenueID":[],"_OrganizerEmail":"","_OrganizerPhone":"","_OrganizerWebsite":"","_VenueAddress":"","_VenueCity":"","_VenueCountry":"","_VenueProvince":"","_VenueState":"","_VenueZip":"","_VenuePhone":"","_VenueURL":"","_VenueStateProvince":"","_VenueLat":"","_VenueLng":"","_VenueShowMap":false,"_VenueShowMapLink":false,"footnotes":""},"class_list":["post-185","page","type-page","status-publish","hentry"],"uagb_featured_image_src":{"full":false,"thumbnail":false,"medium":false,"medium_large":false,"large":false,"1536x1536":false,"2048x2048":false},"uagb_author_info":{"display_name":"MCS-C","author_link":"https:\/\/soeursmcsc.org\/index.php\/author\/admin\/"},"uagb_comment_info":0,"uagb_excerpt":"\u00c0 la lumi\u00e8re de l&rsquo;Esprit, nous voulons reconna\u00eetre l&rsquo;Amour de Dieu par le c\u0153ur de son Fils.La pri\u00e8re a pour nous une grand place.L&rsquo;Adoration Eucharistique est le pilier de...","_links":{"self":[{"href":"https:\/\/soeursmcsc.org\/index.php\/wp-json\/wp\/v2\/pages\/185","targetHints":{"allow":["GET"]}}],"collection":[{"href":"https:\/\/soeursmcsc.org\/index.php\/wp-json\/wp\/v2\/pages"}],"about":[{"href":"https:\/\/soeursmcsc.org\/index.php\/wp-json\/wp\/v2\/types\/page"}],"author":[{"embeddable":true,"href":"https:\/\/soeursmcsc.org\/index.php\/wp-json\/wp\/v2\/users\/1"}],"replies":[{"embeddable":true,"href":"https:\/\/soeursmcsc.org\/index.php\/wp-json\/wp\/v2\/comments?post=185"}],"version-history":[{"count":5,"href":"https:\/\/soeursmcsc.org\/index.php\/wp-json\/wp\/v2\/pages\/185\/revisions"}],"predecessor-version":[{"id":574,"href":"https:\/\/soeursmcsc.org\/index.php\/wp-json\/wp\/v2\/pages\/185\/revisions\/574"}],"wp:attachment":[{"href":"https:\/\/soeursmcsc.org\/index.php\/wp-json\/wp\/v2\/media?parent=185"}],"curies":[{"name":"wp","href":"https:\/\/api.w.org\/{rel}","templated":true}]}}