{"id":193,"date":"2023-11-14T16:33:00","date_gmt":"2023-11-14T16:33:00","guid":{"rendered":"https:\/\/soeursmissionnairescatechistes.org\/?page_id=193"},"modified":"2024-04-05T16:20:53","modified_gmt":"2024-04-05T16:20:53","slug":"vie-fraternelle","status":"publish","type":"page","link":"https:\/\/soeursmcsc.org\/index.php\/vie-fraternelle\/","title":{"rendered":"Vie Fraternelle"},"content":{"rendered":"\n<div class=\"wp-block-media-text is-stacked-on-mobile\" style=\"grid-template-columns:20% auto\"><figure class=\"wp-block-media-text__media\"><img loading=\"lazy\" decoding=\"async\" width=\"1024\" height=\"1006\" src=\"https:\/\/soeursmcsc.org\/wp-content\/uploads\/2023\/11\/Vie-communautaire-1024x1006.jpg\" alt=\"\" class=\"wp-image-156 size-full\" srcset=\"https:\/\/soeursmcsc.org\/wp-content\/uploads\/2023\/11\/Vie-communautaire-1024x1006.jpg 1024w, https:\/\/soeursmcsc.org\/wp-content\/uploads\/2023\/11\/Vie-communautaire-300x295.jpg 300w, https:\/\/soeursmcsc.org\/wp-content\/uploads\/2023\/11\/Vie-communautaire-768x754.jpg 768w, https:\/\/soeursmcsc.org\/wp-content\/uploads\/2023\/11\/Vie-communautaire-1536x1509.jpg 1536w, https:\/\/soeursmcsc.org\/wp-content\/uploads\/2023\/11\/Vie-communautaire.jpg 1564w\" sizes=\"auto, (max-width: 1024px) 100vw, 1024px\" \/><\/figure><div class=\"wp-block-media-text__content\">\n<p>\u00ab\u00a0\u00c0 l&rsquo;exemple des premiers disciples vivant autour du Christ, c&rsquo;est en communaut\u00e9 que nous voulons r\u00e9aliser notre vocation afin d&rsquo;\u00eatre toujours au c\u0153ur m\u00eame de l&rsquo;\u00c9glise\u00a0\u00bb.<br>(Constitutions N\u00b0 61)<\/p>\n\n\n\n<p>\u00ab\u00a0C&rsquo;est ensemble que nous nous mettons \u00e0 l&rsquo;\u00e9coute de la Parole de Dieu dans la pri\u00e8re communautaire. Nous partageons et remettons en question notre mani\u00e8re de vivre \u00e0 la lumi\u00e8re de l&rsquo;\u00c9vangile\u00a0\u00bb. <br>(Constitution N\u00b0 73)<\/p>\n\n\n\n<p>\u00ab La charit\u00e9\u00a0!&#8230; la charit\u00e9 !&#8230; la charit\u00e9 bas\u00e9e sur l&rsquo;humilit\u00e9\u2026 la charit\u00e9 entre les Petites Servantes\u2026 Qu&rsquo;elle r\u00e8gne toujours dans la Soci\u00e9t\u00e9. Qu&rsquo;il n&rsquo;y ait jamais dans notre petite Soci\u00e9t\u00e9 ces jalousies, ces animosit\u00e9s, ces mesquines rivalit\u00e9s, ces tons aigres-doux, ces petitesses de sentiments qui font tant de mal&#8230; \u00bb. (Alice Munet)<\/p>\n<\/div><\/div>\n\n\n\n<p>Alice d\u00e9sire dans la vie de communaut\u00e9 de ses S\u0153urs un esprit de partage : partage des joies et des peines dans la confiance r\u00e9ciproque et l&rsquo;ouverture. Elle insiste sur la pauvret\u00e9, la simplicit\u00e9, la joie :<br>\u00ab Que les S\u0153urs se souviennent du pr\u00e9cepte de l&rsquo;\u00c9vangile : Comme je vous ai aim\u00e9s, aimez-vous&#8230; On reconna\u00eetra que vous \u00eates mes disciples si vous vous aimez les uns les autres \u00bb.<\/p>\n\n\n\n<p>\u00ab Alice voulait que les phrases \u00e9vang\u00e9liques se rapportant \u00e0 la charit\u00e9, celles des \u00c9p\u00eetres de Saint Jean, de Saint Paul, soient \u00e9crites dans tous les locaux de la maison et toujours sous les yeux. Que l&rsquo;\u00c9p\u00eetre aux Corinthiens (chapitre 13), incomparable sur ce sujet, soit copi\u00e9e tout enti\u00e8re, encadr\u00e9e en permanence dans la salle commune \u00bb.<\/p>\n\n\n\n<p>Ainsi Alice ne voulait-elle aucune diff\u00e9rence entre les S\u0153urs contrairement \u00e0 ce qui existait dans d&rsquo;autres congr\u00e9gations. Marie-Th\u00e9r\u00e8se a repris ce th\u00e8me essentiel en r\u00e9digeant \u00ab L&rsquo; Esprit de la fondation \u00bb :<br>\u00ab Esprit d&rsquo;union bien sinc\u00e8rement fraternel entre nous ; vrai esprit de famille partageant peines et joies. Si quelque vivacit\u00e9 s&rsquo;\u00e9tait manifest\u00e9e dans le cours de la journ\u00e9e, il est bon que le soir, vers la fin de la r\u00e9cr\u00e9ation, l&rsquo;accord se r\u00e9tablisse par de gentilles excuses&nbsp;\u00bb.<\/p>\n","protected":false},"excerpt":{"rendered":"<p>\u00ab\u00a0\u00c0 l&rsquo;exemple des premiers disciples vivant autour du Christ, c&rsquo;est en communaut\u00e9 que nous voulons r\u00e9aliser notre vocation afin d&rsquo;\u00eatre toujours au c\u0153ur m\u00eame de l&rsquo;\u00c9glise\u00a0\u00bb.(Constitutions N\u00b0 61) \u00ab\u00a0C&rsquo;est&#8230;<\/p>\n","protected":false},"author":1,"featured_media":0,"parent":0,"menu_order":0,"comment_status":"closed","ping_status":"closed","template":"","meta":{"_uag_custom_page_level_css":"","_EventAllDay":false,"_EventTimezone":"","_EventStartDate":"","_EventEndDate":"","_EventStartDateUTC":"","_EventEndDateUTC":"","_EventShowMap":false,"_EventShowMapLink":false,"_EventURL":"","_EventCost":"","_EventCostDescription":"","_EventCurrencySymbol":"","_EventCurrencyCode":"","_EventCurrencyPosition":"","_EventDateTimeSeparator":"","_EventTimeRangeSeparator":"","_EventOrganizerID":[],"_EventVenueID":[],"_OrganizerEmail":"","_OrganizerPhone":"","_OrganizerWebsite":"","_VenueAddress":"","_VenueCity":"","_VenueCountry":"","_VenueProvince":"","_VenueState":"","_VenueZip":"","_VenuePhone":"","_VenueURL":"","_VenueStateProvince":"","_VenueLat":"","_VenueLng":"","_VenueShowMap":false,"_VenueShowMapLink":false,"footnotes":""},"class_list":["post-193","page","type-page","status-publish","hentry"],"uagb_featured_image_src":{"full":false,"thumbnail":false,"medium":false,"medium_large":false,"large":false,"1536x1536":false,"2048x2048":false},"uagb_author_info":{"display_name":"MCS-C","author_link":"https:\/\/soeursmcsc.org\/index.php\/author\/admin\/"},"uagb_comment_info":0,"uagb_excerpt":"\u00ab\u00a0\u00c0 l&rsquo;exemple des premiers disciples vivant autour du Christ, c&rsquo;est en communaut\u00e9 que nous voulons r\u00e9aliser notre vocation afin d&rsquo;\u00eatre toujours au c\u0153ur m\u00eame de l&rsquo;\u00c9glise\u00a0\u00bb.(Constitutions N\u00b0 61) \u00ab\u00a0C&rsquo;est...","_links":{"self":[{"href":"https:\/\/soeursmcsc.org\/index.php\/wp-json\/wp\/v2\/pages\/193","targetHints":{"allow":["GET"]}}],"collection":[{"href":"https:\/\/soeursmcsc.org\/index.php\/wp-json\/wp\/v2\/pages"}],"about":[{"href":"https:\/\/soeursmcsc.org\/index.php\/wp-json\/wp\/v2\/types\/page"}],"author":[{"embeddable":true,"href":"https:\/\/soeursmcsc.org\/index.php\/wp-json\/wp\/v2\/users\/1"}],"replies":[{"embeddable":true,"href":"https:\/\/soeursmcsc.org\/index.php\/wp-json\/wp\/v2\/comments?post=193"}],"version-history":[{"count":7,"href":"https:\/\/soeursmcsc.org\/index.php\/wp-json\/wp\/v2\/pages\/193\/revisions"}],"predecessor-version":[{"id":529,"href":"https:\/\/soeursmcsc.org\/index.php\/wp-json\/wp\/v2\/pages\/193\/revisions\/529"}],"wp:attachment":[{"href":"https:\/\/soeursmcsc.org\/index.php\/wp-json\/wp\/v2\/media?parent=193"}],"curies":[{"name":"wp","href":"https:\/\/api.w.org\/{rel}","templated":true}]}}