{"id":239,"date":"2024-02-25T22:15:49","date_gmt":"2024-02-25T22:15:49","guid":{"rendered":"https:\/\/soeursmissionnairescatechistes.org\/?page_id=239"},"modified":"2024-02-25T22:41:21","modified_gmt":"2024-02-25T22:41:21","slug":"catechese","status":"publish","type":"page","link":"https:\/\/soeursmcsc.org\/index.php\/catechese\/","title":{"rendered":"Cat\u00e9ch\u00e8se et Formation des Cat\u00e9chistes"},"content":{"rendered":"\n<div class=\"wp-block-media-text is-stacked-on-mobile\" style=\"grid-template-columns:30% auto\"><figure class=\"wp-block-media-text__media\"><img loading=\"lazy\" decoding=\"async\" width=\"1024\" height=\"683\" src=\"https:\/\/soeursmcsc.org\/wp-content\/uploads\/2024\/02\/Catechese-a-Kouande1-1024x683.jpg\" alt=\"\" class=\"wp-image-246 size-full\" srcset=\"https:\/\/soeursmcsc.org\/wp-content\/uploads\/2024\/02\/Catechese-a-Kouande1-1024x683.jpg 1024w, https:\/\/soeursmcsc.org\/wp-content\/uploads\/2024\/02\/Catechese-a-Kouande1-300x200.jpg 300w, https:\/\/soeursmcsc.org\/wp-content\/uploads\/2024\/02\/Catechese-a-Kouande1-768x512.jpg 768w, https:\/\/soeursmcsc.org\/wp-content\/uploads\/2024\/02\/Catechese-a-Kouande1-1536x1024.jpg 1536w, https:\/\/soeursmcsc.org\/wp-content\/uploads\/2024\/02\/Catechese-a-Kouande1-2048x1365.jpg 2048w\" sizes=\"auto, (max-width: 1024px) 100vw, 1024px\" \/><\/figure><div class=\"wp-block-media-text__content\">\n<p><\/p>\n\n\n\n<p class=\"has-text-align-left\"><strong>Au niveau paroissial, dioc\u00e9sain\u2026 pour qu&rsquo;ils prennent le relais et deviennent \u00e0 leur tour responsables.<\/strong><\/p>\n\n\n\n<p style=\"line-height:1.5\">Les Missionnaires Cat\u00e9chistes du Sacr\u00e9-C\u0153ur ont l&rsquo;Esprit de vrais cat\u00e9chistes.&nbsp; Leur fondatrice, Alice Munet, disait : \u00ab Donner l\u2019enseignement chr\u00e9tien est la plus noble des charges \u00bb.<\/p>\n\n\n\n<p><strong>Voil\u00e0 le t\u00e9moignage d&rsquo;un Cardinal&nbsp;:<\/strong><\/p>\n\n\n\n<p><strong>Ma premi\u00e8re ma\u00eetresse en religion\u2026<\/strong><\/p>\n<\/div><\/div>\n\n\n\n<p style=\"line-height:1.5\">\u00ab En tout cas, la premi\u00e8re enseignante de religion que j&rsquo;ai connue, lors de ma pr\u00e9paration cat\u00e9chistique \u00e0 la Premi\u00e8re Communion, s&rsquo;appelait S\u0153ur Madeleine. Elle portait, comme on le voit, un nom pr\u00e9destin\u00e9. Attirante de simplicit\u00e9 comme une M\u00e8re, elle adorait faire la classe. L&rsquo;histoire de ma paroisse raconte qu&rsquo;un grand inspecteur des \u00c9coles \u00ab\u00a0venu de la M\u00e9tropole\u00a0\u00bb avait cherch\u00e9 \u00e0 la voir et \u00e0 suivre l&rsquo;une de ses classes comme un mod\u00e8le du genre. Cela fait partie, entre autres, du souvenir et de l&rsquo;image inoubliables qui sont demeur\u00e9s profond\u00e9ment inscrits dans ma m\u00e9moire. Mais le c\u0153ur de beaucoup de mes compatriotes partage volontiers, j&rsquo;en suis s\u00fbr, ces impressions et ces sentiments qui sont inspir\u00e9s par la plus filiale reconnaissance envers des Religieuses aussi bonnes, aussi discr\u00e8tes, aussi serviables que les Missionnaires Cat\u00e9chistes de Menton. Le Maire de cette ville de leur origine fran\u00e7aise qui connaissait bien et admirait beaucoup l&rsquo;\u0153uvre d&rsquo;Alice Munet, fondatrice de cet Institut Religieux, me confiait, un jour de jubil\u00e9 de l&rsquo;une de ces grandes Missionnaires :&nbsp;\u00ab\u00a0Nous devons \u00e0 ces S\u0153urs une bonne part, la part africaine, de notre rayonnement et de notre renom dans le monde\u00a0\u00bb.<br>Oui, une part, non seulement bonne, mais excellente, \u00e0 tous \u00e9gards. Car quitter sa terre, sa famille et tout ce qu&rsquo;on a de plus cher pour s&rsquo;ins\u00e9rer dans une autre culture et une autre ambiance humaine, ce n&rsquo;est pas oublier ses racines\u202f; c&rsquo;est au contraire leur faire donner s\u00e8ve et vie \u00e0 travers l&rsquo;arbre d&rsquo;une nouvelle ramure et d&rsquo;une ampleur plus universelle \u00bb.<\/p>\n\n\n\n<p><strong>Le t\u00e9moignage d&rsquo;un P\u00e8re SMA :<\/strong><\/p>\n\n\n\n<p style=\"line-height:1.5\">\u00ab Je suis en admiration devant ces S\u0153urs Missionnaires qui n&rsquo;ont jamais oubli\u00e9 qu&rsquo;elles \u00e9taient des cat\u00e9chistes autant et plus que des infirmi\u00e8res et des enseignantes. Je suis en admiration devant ces S\u0153urs qui n&rsquo;ont jamais recul\u00e9 pour courir, de village en village et de quartier en quartier, afin d&rsquo;annoncer la Bonne Nouvelle de J\u00e9sus aux vieux et vieilles, aux pauvres et aux bless\u00e9s de la vie, aux malades et aux mourants&nbsp;\u00bb.<\/p>\n\n\n\n<p style=\"line-height:1.5\"><strong>Dans le livre \u00ab Histoire des s\u0153urs Munet et de leur famille missionnaire \u00bb <\/strong><br><strong>de Sylvie<\/strong> <strong>Flamand, <\/strong><strong>Chantal de Labareyre et Gilles Babinet, nous lisons\u00a0:<\/strong><\/p>\n\n\n\n<p style=\"line-height:1.5\">\u00ab Les S\u0153urs sillonnent les routes pour aller dans l&rsquo;un ou l&rsquo;autre village&nbsp;; l&rsquo;apr\u00e8s-midi pour l&rsquo;animation rurale, le soir pour la cat\u00e9ch\u00e8se des adultes. Le soir, souvent, les S\u0153urs partent \u00e0 deux. L&rsquo;une reste dans un premier village, l&rsquo;autre continue avec son accompagnateur au<br>village suivant. C&rsquo;est vraiment le temps de la pr\u00e9-\u00e9vang\u00e9lisation. En arrivant, elles saluent les familles. La cat\u00e9ch\u00e8se commence quand les gens sont pr\u00eats. Elles rentrent \u00e0 la maison apr\u00e8s 22 heures. Souvent \u00e0 cause des pistes pierreuses, les S\u0153urs doivent faire face \u00e0 une crevaison ou une autre panne. S\u0153ur Michel Marie Thomas a sillonn\u00e9 ces villages pendant plus de douze ans pour cat\u00e9chiser, \u00e9duquer, aider, soigner. Les femmes viennent en petit nombre \u00e0 la cat\u00e9ch\u00e8se. Quand il y a une chapelle, elles restent debout, pr\u00e8s de la porte. Si la cat\u00e9ch\u00e8se est en plein air, elles \u00e9coutent derri\u00e8re la voiture. Le jour o\u00f9 elles s&rsquo;assoient, c&rsquo;est comme une inscription au pr\u00e9-cat\u00e9chum\u00e9nat. Les S\u0153urs assurent parfois la c\u00e9l\u00e9bration du dimanche dans les villages d\u00e9pourvus de cat\u00e9chistes \u00bb.<\/p>\n","protected":false},"excerpt":{"rendered":"<p>Au niveau paroissial, dioc\u00e9sain\u2026 pour qu&rsquo;ils prennent le relais et deviennent \u00e0 leur tour responsables. Les Missionnaires Cat\u00e9chistes du Sacr\u00e9-C\u0153ur ont l&rsquo;Esprit de vrais cat\u00e9chistes.&nbsp; Leur fondatrice, Alice Munet,&#8230;<\/p>\n","protected":false},"author":1,"featured_media":0,"parent":0,"menu_order":0,"comment_status":"closed","ping_status":"closed","template":"","meta":{"_uag_custom_page_level_css":"","_EventAllDay":false,"_EventTimezone":"","_EventStartDate":"","_EventEndDate":"","_EventStartDateUTC":"","_EventEndDateUTC":"","_EventShowMap":false,"_EventShowMapLink":false,"_EventURL":"","_EventCost":"","_EventCostDescription":"","_EventCurrencySymbol":"","_EventCurrencyCode":"","_EventCurrencyPosition":"","_EventDateTimeSeparator":"","_EventTimeRangeSeparator":"","_EventOrganizerID":[],"_EventVenueID":[],"_OrganizerEmail":"","_OrganizerPhone":"","_OrganizerWebsite":"","_VenueAddress":"","_VenueCity":"","_VenueCountry":"","_VenueProvince":"","_VenueState":"","_VenueZip":"","_VenuePhone":"","_VenueURL":"","_VenueStateProvince":"","_VenueLat":"","_VenueLng":"","_VenueShowMap":false,"_VenueShowMapLink":false,"footnotes":""},"class_list":["post-239","page","type-page","status-publish","hentry"],"uagb_featured_image_src":{"full":false,"thumbnail":false,"medium":false,"medium_large":false,"large":false,"1536x1536":false,"2048x2048":false},"uagb_author_info":{"display_name":"MCS-C","author_link":"https:\/\/soeursmcsc.org\/index.php\/author\/admin\/"},"uagb_comment_info":0,"uagb_excerpt":"Au niveau paroissial, dioc\u00e9sain\u2026 pour qu&rsquo;ils prennent le relais et deviennent \u00e0 leur tour responsables. Les Missionnaires Cat\u00e9chistes du Sacr\u00e9-C\u0153ur ont l&rsquo;Esprit de vrais cat\u00e9chistes.&nbsp; Leur fondatrice, Alice Munet,...","_links":{"self":[{"href":"https:\/\/soeursmcsc.org\/index.php\/wp-json\/wp\/v2\/pages\/239","targetHints":{"allow":["GET"]}}],"collection":[{"href":"https:\/\/soeursmcsc.org\/index.php\/wp-json\/wp\/v2\/pages"}],"about":[{"href":"https:\/\/soeursmcsc.org\/index.php\/wp-json\/wp\/v2\/types\/page"}],"author":[{"embeddable":true,"href":"https:\/\/soeursmcsc.org\/index.php\/wp-json\/wp\/v2\/users\/1"}],"replies":[{"embeddable":true,"href":"https:\/\/soeursmcsc.org\/index.php\/wp-json\/wp\/v2\/comments?post=239"}],"version-history":[{"count":13,"href":"https:\/\/soeursmcsc.org\/index.php\/wp-json\/wp\/v2\/pages\/239\/revisions"}],"predecessor-version":[{"id":257,"href":"https:\/\/soeursmcsc.org\/index.php\/wp-json\/wp\/v2\/pages\/239\/revisions\/257"}],"wp:attachment":[{"href":"https:\/\/soeursmcsc.org\/index.php\/wp-json\/wp\/v2\/media?parent=239"}],"curies":[{"name":"wp","href":"https:\/\/api.w.org\/{rel}","templated":true}]}}