{"id":334,"date":"2024-04-03T07:47:25","date_gmt":"2024-04-03T07:47:25","guid":{"rendered":"https:\/\/soeursmissionnairescatechistes.org\/?page_id=334"},"modified":"2024-04-06T10:23:54","modified_gmt":"2024-04-06T10:23:54","slug":"sante","status":"publish","type":"page","link":"https:\/\/soeursmcsc.org\/index.php\/sante\/","title":{"rendered":"Sant\u00e9"},"content":{"rendered":"\n<p class=\"has-text-align-center has-normal-font-size\"><strong>Centre Nutritionnel de Broukou<\/strong><\/p>\n\n\n\n<figure class=\"wp-block-image alignleft size-medium is-style-default\"><img loading=\"lazy\" decoding=\"async\" width=\"300\" height=\"200\" src=\"https:\/\/soeursmcsc.org\/wp-content\/uploads\/2024\/04\/Sante3-300x200.jpg\" alt=\"\" class=\"wp-image-307\"\/><\/figure>\n\n\n\n<p style=\"line-height:1.5\">Depuis 1986, une communaut\u00e9 religieuse est install\u00e9e \u00e0 Broukou, une petite localit\u00e9 situ\u00e9e \u00e0 50 km de Kara, dans un milieu rural tr\u00e8s pauvre. Pendant plusieurs ann\u00e9es, une religieuse assurait un service de premiers soins dans un local de notre maison et donnait des conseils alimentaires aux mamans de jeunes enfants. Soucieuses de r\u00e9pondre \u00e0 tous ces besoins et de s\u2019engager pour la dignit\u00e9 de la personne humaine, les S\u0153urs ont ouvert en d\u00e9cembre 2009, le<br>Centre de R\u00e9cup\u00e9ration Nutritionnelle Saint Kisito, \u00ab AMIS DES ENFANTS \u00bb de Broukou, avec une autorisation d\u2019ouverture donn\u00e9e par le Minist\u00e8re de la Sant\u00e9, dans le but d\u2019aider les habitants des villages, particuli\u00e8rement ceux ayant un faible revenu. Deux types de strat\u00e9gies ont \u00e9t\u00e9 mis en \u0153uvre. D&rsquo;abord, une strat\u00e9gie avanc\u00e9e consistant \u00e0 aller vers les patients dans les villages, o\u00f9 les s\u0153urs enseignaient aux femmes les r\u00e8gles d&rsquo;hygi\u00e8ne, la pr\u00e9paration de la bouillie enrichie et les premiers soins en cas de fi\u00e8vre ou de diarrh\u00e9e. Ensuite, une strat\u00e9gie en poste fixe sur place \u00e0 Broukou, o\u00f9 les parents amenaient les enfants atteints de diverses pathologies, notamment en cas de malnutrition s\u00e9v\u00e8re. De nombreuses mamans ont b\u00e9n\u00e9fici\u00e9 de l&rsquo;aide et des conseils des s\u0153urs, retrouvant ainsi le sourire avec la sant\u00e9 de leurs enfants.<\/p>\n\n\n\n<div style=\"height:20px\" aria-hidden=\"true\" class=\"wp-block-spacer\"><\/div>\n\n\n\n<p class=\"has-text-align-center has-normal-font-size\"><strong>Activit\u00e9s des S\u0153urs aupr\u00e8s des malades mentaux et les \u00e9pileptiques \u00e0 Yad\u00e9<\/strong><\/p>\n\n\n\n<figure class=\"wp-block-image alignleft size-medium\"><img loading=\"lazy\" decoding=\"async\" width=\"300\" height=\"200\" src=\"https:\/\/soeursmcsc.org\/wp-content\/uploads\/2024\/04\/Sante4-300x200.jpg\" alt=\"\" class=\"wp-image-311\" srcset=\"https:\/\/soeursmcsc.org\/wp-content\/uploads\/2024\/04\/Sante4-300x200.jpg 300w, https:\/\/soeursmcsc.org\/wp-content\/uploads\/2024\/04\/Sante4-1024x683.jpg 1024w, https:\/\/soeursmcsc.org\/wp-content\/uploads\/2024\/04\/Sante4-768x512.jpg 768w, https:\/\/soeursmcsc.org\/wp-content\/uploads\/2024\/04\/Sante4-1536x1024.jpg 1536w, https:\/\/soeursmcsc.org\/wp-content\/uploads\/2024\/04\/Sante4-2048x1365.jpg 2048w\" sizes=\"auto, (max-width: 300px) 100vw, 300px\" \/><\/figure>\n\n\n\n<p style=\"line-height:1.5\">Les activit\u00e9s des S\u0153urs aupr\u00e8s des personnes souffrant de maladies mentales et d&rsquo;\u00e9pilepsie \u00e0 Yad\u00e9 occupent \u00e9galement une place importante. Chaque semaine, une cinquantaine d&rsquo;\u00e9pileptiques viennent chercher leur traitement dans la maison des S\u0153urs. Par manque de connaissances et de moyens financiers, ces maladies sont souvent n\u00e9glig\u00e9es par les familles.<br>Les S\u0153urs ont donc apport\u00e9 un suivi m\u00e9dical aux personnes handicap\u00e9es et malades, en lien avec un m\u00e9decin, afin de s&rsquo;assurer d&rsquo;un traitement ad\u00e9quat et d&rsquo;une gu\u00e9rison des patients. <\/p>\n\n\n\n<p style=\"line-height:1.5\">En 2014, la maison des S\u0153urs a \u00e9t\u00e9 reconnue comme Centre Relais pour les malades mentaux de la r\u00e9gion de Koza et des environs, accueillant un grand nombre de patients, en plus des \u00e9pileptiques d\u00e9j\u00e0 suivis.<br>Aujourd\u2019hui, les S\u0153urs de Yad\u00e9 continuent \u00e0 apporter leur aide et leur soutien en collaboration avec l&rsquo;association Saint-Camille de Djougou.<\/p>\n\n\n\t\t\t\t\t<div\n\t\t\t\t\t\tclass=\"wp-block-uagb-image-gallery uagb-block-2071f5c1     \"\n\t\t\t\t\t\tstyle=\"\"\n\t\t\t\t\t>\n\t\t\t\t\t\t\t\t\t\t\t<div class=\"spectra-image-gallery spectra-image-gallery__layout--carousel\">\n\t\t\t\t\t\t\t\t<div class=\"uagb-slick-carousel uagb-block-2071f5c1\">\n\t\t\t\t\t\t\t\t\t\t\t\t<div class='spectra-image-gallery__media-wrapper' data-spectra-gallery-image-id='600'>\n\t\t\t\t\t\t\t<div class=\"spectra-image-gallery__media spectra-image-gallery__media--carousel\">\n\t\t\t\t<picture>\n\t\t\t\t\t<source media=\"(min-width: 1024px)\" srcset=\"https:\/\/soeursmcsc.org\/wp-content\/uploads\/2024\/04\/Sante5-1.jpg\">\n\t\t\t\t\t<source media=\"(min-width: 768px)\" srcset=\"https:\/\/soeursmcsc.org\/wp-content\/uploads\/2024\/04\/Sante5-1-1024x683.jpg\">\n\t\t\t\t\t<img decoding=\"async\" class=\"spectra-image-gallery__media-thumbnail spectra-image-gallery__media-thumbnail--carousel\" src=\"https:\/\/soeursmcsc.org\/wp-content\/uploads\/2024\/04\/Sante5-1-300x200.jpg\" alt=\"\" loading=\"lazy\" \/>\n\t\t\t\t<\/picture>\n\t\t\t\t<div class=\"spectra-image-gallery__media-thumbnail-blurrer\"><\/div>\n\t\t\t\t\t\t\t\t\t\t\t<div class=\"spectra-image-gallery__media-thumbnail-caption-wrapper spectra-image-gallery__media-thumbnail-caption-wrapper--overlay\">\n\t\t\t\t\t\t\t\t\t\t\t<div class=\"spectra-image-gallery__media-thumbnail-caption spectra-image-gallery__media-thumbnail-caption--overlay\">\n\t\t\t\t\tAucune l\u00e9gende\t\t\t\t<\/div>\n\t\t\t\t\t\t\t\t\t\t<\/div>\n\t\t\t\t\t\t\t\t\t<\/div>\n\t\t\t\t\t\t<\/div>\n\t\t\t\t\t\t<div class='spectra-image-gallery__media-wrapper' data-spectra-gallery-image-id='601'>\n\t\t\t\t\t\t\t<div class=\"spectra-image-gallery__media spectra-image-gallery__media--carousel\">\n\t\t\t\t<picture>\n\t\t\t\t\t<source media=\"(min-width: 1024px)\" srcset=\"https:\/\/soeursmcsc.org\/wp-content\/uploads\/2024\/04\/Sante1.jpg\">\n\t\t\t\t\t<source media=\"(min-width: 768px)\" srcset=\"https:\/\/soeursmcsc.org\/wp-content\/uploads\/2024\/04\/Sante1-1024x683.jpg\">\n\t\t\t\t\t<img decoding=\"async\" class=\"spectra-image-gallery__media-thumbnail spectra-image-gallery__media-thumbnail--carousel\" src=\"https:\/\/soeursmcsc.org\/wp-content\/uploads\/2024\/04\/Sante1-300x200.jpg\" alt=\"\" loading=\"lazy\" \/>\n\t\t\t\t<\/picture>\n\t\t\t\t<div class=\"spectra-image-gallery__media-thumbnail-blurrer\"><\/div>\n\t\t\t\t\t\t\t\t\t\t\t<div class=\"spectra-image-gallery__media-thumbnail-caption-wrapper spectra-image-gallery__media-thumbnail-caption-wrapper--overlay\">\n\t\t\t\t\t\t\t\t\t\t\t<div class=\"spectra-image-gallery__media-thumbnail-caption spectra-image-gallery__media-thumbnail-caption--overlay\">\n\t\t\t\t\tAucune l\u00e9gende\t\t\t\t<\/div>\n\t\t\t\t\t\t\t\t\t\t<\/div>\n\t\t\t\t\t\t\t\t\t<\/div>\n\t\t\t\t\t\t<\/div>\n\t\t\t\t\t\t<div class='spectra-image-gallery__media-wrapper' data-spectra-gallery-image-id='354'>\n\t\t\t\t\t\t\t<div class=\"spectra-image-gallery__media spectra-image-gallery__media--carousel\">\n\t\t\t\t<picture>\n\t\t\t\t\t<source media=\"(min-width: 1024px)\" srcset=\"https:\/\/soeursmcsc.org\/wp-content\/uploads\/2024\/04\/Sante6En-attendant-le-soins-scaled.jpg\">\n\t\t\t\t\t<source media=\"(min-width: 768px)\" srcset=\"https:\/\/soeursmcsc.org\/wp-content\/uploads\/2024\/04\/Sante6En-attendant-le-soins-1024x768.jpg\">\n\t\t\t\t\t<img decoding=\"async\" class=\"spectra-image-gallery__media-thumbnail spectra-image-gallery__media-thumbnail--carousel\" src=\"https:\/\/soeursmcsc.org\/wp-content\/uploads\/2024\/04\/Sante6En-attendant-le-soins-300x225.jpg\" alt=\"\" loading=\"lazy\" \/>\n\t\t\t\t<\/picture>\n\t\t\t\t<div class=\"spectra-image-gallery__media-thumbnail-blurrer\"><\/div>\n\t\t\t\t\t\t\t\t\t\t\t<div class=\"spectra-image-gallery__media-thumbnail-caption-wrapper spectra-image-gallery__media-thumbnail-caption-wrapper--overlay\">\n\t\t\t\t\t\t\t\t\t\t\t<div class=\"spectra-image-gallery__media-thumbnail-caption spectra-image-gallery__media-thumbnail-caption--overlay\">\n\t\t\t\t\tAucune l\u00e9gende\t\t\t\t<\/div>\n\t\t\t\t\t\t\t\t\t\t<\/div>\n\t\t\t\t\t\t\t\t\t<\/div>\n\t\t\t\t\t\t<\/div>\n\t\t\t\t\t\t<div class='spectra-image-gallery__media-wrapper' data-spectra-gallery-image-id='310'>\n\t\t\t\t\t\t\t<div class=\"spectra-image-gallery__media spectra-image-gallery__media--carousel\">\n\t\t\t\t<picture>\n\t\t\t\t\t<source media=\"(min-width: 1024px)\" srcset=\"https:\/\/soeursmcsc.org\/wp-content\/uploads\/2024\/04\/Sante2.jpg\">\n\t\t\t\t\t<source media=\"(min-width: 768px)\" srcset=\"https:\/\/soeursmcsc.org\/wp-content\/uploads\/2024\/04\/Sante2-1024x683.jpg\">\n\t\t\t\t\t<img decoding=\"async\" class=\"spectra-image-gallery__media-thumbnail spectra-image-gallery__media-thumbnail--carousel\" src=\"https:\/\/soeursmcsc.org\/wp-content\/uploads\/2024\/04\/Sante2-300x200.jpg\" alt=\"\" loading=\"lazy\" \/>\n\t\t\t\t<\/picture>\n\t\t\t\t<div class=\"spectra-image-gallery__media-thumbnail-blurrer\"><\/div>\n\t\t\t\t\t\t\t\t\t\t\t<div class=\"spectra-image-gallery__media-thumbnail-caption-wrapper spectra-image-gallery__media-thumbnail-caption-wrapper--overlay\">\n\t\t\t\t\t\t\t\t\t\t\t<div class=\"spectra-image-gallery__media-thumbnail-caption spectra-image-gallery__media-thumbnail-caption--overlay\">\n\t\t\t\t\tAucune l\u00e9gende\t\t\t\t<\/div>\n\t\t\t\t\t\t\t\t\t\t<\/div>\n\t\t\t\t\t\t\t\t\t<\/div>\n\t\t\t\t\t\t<\/div>\n\t\t\t\t\t\t\t\t\t\t\t<\/div>\n\t\t\t\t\t\t\t<\/div>\n\t\t\t\t\t\t\t\t\t\t\t<\/div>\n\t\t\t\t\t\t\t\t\t","protected":false},"excerpt":{"rendered":"<p>Centre Nutritionnel de Broukou Depuis 1986, une communaut\u00e9 religieuse est install\u00e9e \u00e0 Broukou, une petite localit\u00e9 situ\u00e9e \u00e0 50 km de Kara, dans un milieu rural tr\u00e8s pauvre. Pendant&#8230;<\/p>\n","protected":false},"author":1,"featured_media":0,"parent":0,"menu_order":0,"comment_status":"closed","ping_status":"closed","template":"","meta":{"_uag_custom_page_level_css":"","_EventAllDay":false,"_EventTimezone":"","_EventStartDate":"","_EventEndDate":"","_EventStartDateUTC":"","_EventEndDateUTC":"","_EventShowMap":false,"_EventShowMapLink":false,"_EventURL":"","_EventCost":"","_EventCostDescription":"","_EventCurrencySymbol":"","_EventCurrencyCode":"","_EventCurrencyPosition":"","_EventDateTimeSeparator":"","_EventTimeRangeSeparator":"","_EventOrganizerID":[],"_EventVenueID":[],"_OrganizerEmail":"","_OrganizerPhone":"","_OrganizerWebsite":"","_VenueAddress":"","_VenueCity":"","_VenueCountry":"","_VenueProvince":"","_VenueState":"","_VenueZip":"","_VenuePhone":"","_VenueURL":"","_VenueStateProvince":"","_VenueLat":"","_VenueLng":"","_VenueShowMap":false,"_VenueShowMapLink":false,"footnotes":""},"class_list":["post-334","page","type-page","status-publish","hentry"],"uagb_featured_image_src":{"full":false,"thumbnail":false,"medium":false,"medium_large":false,"large":false,"1536x1536":false,"2048x2048":false},"uagb_author_info":{"display_name":"MCS-C","author_link":"https:\/\/soeursmcsc.org\/index.php\/author\/admin\/"},"uagb_comment_info":0,"uagb_excerpt":"Centre Nutritionnel de Broukou Depuis 1986, une communaut\u00e9 religieuse est install\u00e9e \u00e0 Broukou, une petite localit\u00e9 situ\u00e9e \u00e0 50 km de Kara, dans un milieu rural tr\u00e8s pauvre. Pendant...","_links":{"self":[{"href":"https:\/\/soeursmcsc.org\/index.php\/wp-json\/wp\/v2\/pages\/334","targetHints":{"allow":["GET"]}}],"collection":[{"href":"https:\/\/soeursmcsc.org\/index.php\/wp-json\/wp\/v2\/pages"}],"about":[{"href":"https:\/\/soeursmcsc.org\/index.php\/wp-json\/wp\/v2\/types\/page"}],"author":[{"embeddable":true,"href":"https:\/\/soeursmcsc.org\/index.php\/wp-json\/wp\/v2\/users\/1"}],"replies":[{"embeddable":true,"href":"https:\/\/soeursmcsc.org\/index.php\/wp-json\/wp\/v2\/comments?post=334"}],"version-history":[{"count":3,"href":"https:\/\/soeursmcsc.org\/index.php\/wp-json\/wp\/v2\/pages\/334\/revisions"}],"predecessor-version":[{"id":679,"href":"https:\/\/soeursmcsc.org\/index.php\/wp-json\/wp\/v2\/pages\/334\/revisions\/679"}],"wp:attachment":[{"href":"https:\/\/soeursmcsc.org\/index.php\/wp-json\/wp\/v2\/media?parent=334"}],"curies":[{"name":"wp","href":"https:\/\/api.w.org\/{rel}","templated":true}]}}