{"id":466,"date":"2024-04-04T20:52:50","date_gmt":"2024-04-04T20:52:50","guid":{"rendered":"https:\/\/soeursmissionnairescatechistes.org\/?page_id=466"},"modified":"2024-04-04T20:52:50","modified_gmt":"2024-04-04T20:52:50","slug":"mai","status":"publish","type":"page","link":"https:\/\/soeursmcsc.org\/index.php\/mai\/","title":{"rendered":"MAI"},"content":{"rendered":"\n<div class=\"wp-block-uagb-icon-list uagb-block-e3b63d88\"><div class=\"uagb-icon-list__wrap\">\n<div class=\"wp-block-uagb-icon-list-child uagb-block-488a5e38\"><span class=\"uagb-icon-list__source-wrap\"><svg xmlns=\"https:\/\/www.w3.org\/2000\/svg\" viewBox=\"0 0 384 512\"><path d=\"M383.1 160v64c0 17.62-14.37 32-31.1 32h-96v224c0 17.62-14.38 32-31.1 32H160c-17.62 0-32-14.38-32-32V256h-96C14.37 256-.0008 241.6-.0008 224V160c0-17.62 14.38-32 32-32h96V32c0-17.62 14.38-32 32-32h64c17.62 0 31.1 14.38 31.1 32v96h96C369.6 128 383.1 142.4 383.1 160z\"><\/path><\/svg><\/span><span class=\"uagb-icon-list__label\">03\/05\/61 &#8211; <strong>Sr Jean Bapt. Tramoni<\/strong><\/span><\/div>\n\n\n\n<div class=\"wp-block-uagb-icon-list-child uagb-block-6cffce5b\"><span class=\"uagb-icon-list__source-wrap\"><svg xmlns=\"https:\/\/www.w3.org\/2000\/svg\" viewBox=\"0 0 384 512\"><path d=\"M383.1 160v64c0 17.62-14.37 32-31.1 32h-96v224c0 17.62-14.38 32-31.1 32H160c-17.62 0-32-14.38-32-32V256h-96C14.37 256-.0008 241.6-.0008 224V160c0-17.62 14.38-32 32-32h96V32c0-17.62 14.38-32 32-32h64c17.62 0 31.1 14.38 31.1 32v96h96C369.6 128 383.1 142.4 383.1 160z\"><\/path><\/svg><\/span><span class=\"uagb-icon-list__label\">06\/05\/94 &#8211; <strong>Sr M. C\u00e9cile Krumm<\/strong><\/span><\/div>\n\n\n\n<div class=\"wp-block-uagb-icon-list-child uagb-block-8955287d\"><span class=\"uagb-icon-list__source-wrap\"><svg xmlns=\"https:\/\/www.w3.org\/2000\/svg\" viewBox=\"0 0 384 512\"><path d=\"M383.1 160v64c0 17.62-14.37 32-31.1 32h-96v224c0 17.62-14.38 32-31.1 32H160c-17.62 0-32-14.38-32-32V256h-96C14.37 256-.0008 241.6-.0008 224V160c0-17.62 14.38-32 32-32h96V32c0-17.62 14.38-32 32-32h64c17.62 0 31.1 14.38 31.1 32v96h96C369.6 128 383.1 142.4 383.1 160z\"><\/path><\/svg><\/span><span class=\"uagb-icon-list__label\">07\/05\/03 &#8211; <strong>Sr Fran\u00e7oise Th\u00e9r\u00e8se Sille<\/strong><\/span><\/div>\n\n\n\n<div class=\"wp-block-uagb-icon-list-child uagb-block-ffcda7a4\"><span class=\"uagb-icon-list__source-wrap\"><svg xmlns=\"https:\/\/www.w3.org\/2000\/svg\" viewBox=\"0 0 384 512\"><path d=\"M383.1 160v64c0 17.62-14.37 32-31.1 32h-96v224c0 17.62-14.38 32-31.1 32H160c-17.62 0-32-14.38-32-32V256h-96C14.37 256-.0008 241.6-.0008 224V160c0-17.62 14.38-32 32-32h96V32c0-17.62 14.38-32 32-32h64c17.62 0 31.1 14.38 31.1 32v96h96C369.6 128 383.1 142.4 383.1 160z\"><\/path><\/svg><\/span><span class=\"uagb-icon-list__label\">15\/05\/12 &#8211; <strong>Sr Michel Marie Thomas<\/strong><\/span><\/div>\n\n\n\n<div class=\"wp-block-uagb-icon-list-child uagb-block-0f43a392\"><span class=\"uagb-icon-list__source-wrap\"><svg xmlns=\"https:\/\/www.w3.org\/2000\/svg\" viewBox=\"0 0 384 512\"><path d=\"M383.1 160v64c0 17.62-14.37 32-31.1 32h-96v224c0 17.62-14.38 32-31.1 32H160c-17.62 0-32-14.38-32-32V256h-96C14.37 256-.0008 241.6-.0008 224V160c0-17.62 14.38-32 32-32h96V32c0-17.62 14.38-32 32-32h64c17.62 0 31.1 14.38 31.1 32v96h96C369.6 128 383.1 142.4 383.1 160z\"><\/path><\/svg><\/span><span class=\"uagb-icon-list__label\">17\/05\/97 &#8211; <strong>Sr M. H\u00e9l\u00e8ne Gaudet<\/strong><\/span><\/div>\n\n\n\n<div class=\"wp-block-uagb-icon-list-child uagb-block-7bffe23a\"><span class=\"uagb-icon-list__source-wrap\"><svg xmlns=\"https:\/\/www.w3.org\/2000\/svg\" viewBox=\"0 0 384 512\"><path d=\"M383.1 160v64c0 17.62-14.37 32-31.1 32h-96v224c0 17.62-14.38 32-31.1 32H160c-17.62 0-32-14.38-32-32V256h-96C14.37 256-.0008 241.6-.0008 224V160c0-17.62 14.38-32 32-32h96V32c0-17.62 14.38-32 32-32h64c17.62 0 31.1 14.38 31.1 32v96h96C369.6 128 383.1 142.4 383.1 160z\"><\/path><\/svg><\/span><span class=\"uagb-icon-list__label\">17\/05\/12 &#8211; <strong>Sr Marcelle Heraud<\/strong><\/span><\/div>\n\n\n\n<div class=\"wp-block-uagb-icon-list-child uagb-block-35286e1d\"><span class=\"uagb-icon-list__source-wrap\"><svg xmlns=\"https:\/\/www.w3.org\/2000\/svg\" viewBox=\"0 0 384 512\"><path d=\"M383.1 160v64c0 17.62-14.37 32-31.1 32h-96v224c0 17.62-14.38 32-31.1 32H160c-17.62 0-32-14.38-32-32V256h-96C14.37 256-.0008 241.6-.0008 224V160c0-17.62 14.38-32 32-32h96V32c0-17.62 14.38-32 32-32h64c17.62 0 31.1 14.38 31.1 32v96h96C369.6 128 383.1 142.4 383.1 160z\"><\/path><\/svg><\/span><span class=\"uagb-icon-list__label\">18\/05\/52 &#8211; <strong>Sr St Jean Steenhout<\/strong><\/span><\/div>\n\n\n\n<div class=\"wp-block-uagb-icon-list-child uagb-block-c2c17ae8\"><span class=\"uagb-icon-list__source-wrap\"><svg xmlns=\"https:\/\/www.w3.org\/2000\/svg\" viewBox=\"0 0 384 512\"><path d=\"M383.1 160v64c0 17.62-14.37 32-31.1 32h-96v224c0 17.62-14.38 32-31.1 32H160c-17.62 0-32-14.38-32-32V256h-96C14.37 256-.0008 241.6-.0008 224V160c0-17.62 14.38-32 32-32h96V32c0-17.62 14.38-32 32-32h64c17.62 0 31.1 14.38 31.1 32v96h96C369.6 128 383.1 142.4 383.1 160z\"><\/path><\/svg><\/span><span class=\"uagb-icon-list__label\">18\/05\/19 &#8211; <strong>Sr Marie de J\u00e9sus Marchal<\/strong><\/span><\/div>\n\n\n\n<div class=\"wp-block-uagb-icon-list-child uagb-block-72fe3018\"><span class=\"uagb-icon-list__source-wrap\"><svg xmlns=\"https:\/\/www.w3.org\/2000\/svg\" viewBox=\"0 0 384 512\"><path d=\"M383.1 160v64c0 17.62-14.37 32-31.1 32h-96v224c0 17.62-14.38 32-31.1 32H160c-17.62 0-32-14.38-32-32V256h-96C14.37 256-.0008 241.6-.0008 224V160c0-17.62 14.38-32 32-32h96V32c0-17.62 14.38-32 32-32h64c17.62 0 31.1 14.38 31.1 32v96h96C369.6 128 383.1 142.4 383.1 160z\"><\/path><\/svg><\/span><span class=\"uagb-icon-list__label\">21\/05\/74 &#8211; <strong>Sr St Louis Vandenbussche<\/strong><\/span><\/div>\n\n\n\n<div class=\"wp-block-uagb-icon-list-child uagb-block-887fbb5f\"><span class=\"uagb-icon-list__source-wrap\"><svg xmlns=\"https:\/\/www.w3.org\/2000\/svg\" viewBox=\"0 0 384 512\"><path d=\"M383.1 160v64c0 17.62-14.37 32-31.1 32h-96v224c0 17.62-14.38 32-31.1 32H160c-17.62 0-32-14.38-32-32V256h-96C14.37 256-.0008 241.6-.0008 224V160c0-17.62 14.38-32 32-32h96V32c0-17.62 14.38-32 32-32h64c17.62 0 31.1 14.38 31.1 32v96h96C369.6 128 383.1 142.4 383.1 160z\"><\/path><\/svg><\/span><span class=\"uagb-icon-list__label\">25\/05\/17 &#8211; <strong>Sr M. Ren\u00e9e Mauchet<\/strong><\/span><\/div>\n\n\n\n<div class=\"wp-block-uagb-icon-list-child uagb-block-df1b22b7\"><span class=\"uagb-icon-list__source-wrap\"><svg xmlns=\"https:\/\/www.w3.org\/2000\/svg\" viewBox=\"0 0 384 512\"><path d=\"M383.1 160v64c0 17.62-14.37 32-31.1 32h-96v224c0 17.62-14.38 32-31.1 32H160c-17.62 0-32-14.38-32-32V256h-96C14.37 256-.0008 241.6-.0008 224V160c0-17.62 14.38-32 32-32h96V32c0-17.62 14.38-32 32-32h64c17.62 0 31.1 14.38 31.1 32v96h96C369.6 128 383.1 142.4 383.1 160z\"><\/path><\/svg><\/span><span class=\"uagb-icon-list__label\">26\/05\/99 &#8211; <strong>Sr M. Danielle Thorel<\/strong><\/span><\/div>\n<\/div><\/div>\n\n\n\n<p><\/p>\n","protected":false},"excerpt":{"rendered":"","protected":false},"author":1,"featured_media":0,"parent":0,"menu_order":0,"comment_status":"closed","ping_status":"closed","template":"","meta":{"_uag_custom_page_level_css":"","_EventAllDay":false,"_EventTimezone":"","_EventStartDate":"","_EventEndDate":"","_EventStartDateUTC":"","_EventEndDateUTC":"","_EventShowMap":false,"_EventShowMapLink":false,"_EventURL":"","_EventCost":"","_EventCostDescription":"","_EventCurrencySymbol":"","_EventCurrencyCode":"","_EventCurrencyPosition":"","_EventDateTimeSeparator":"","_EventTimeRangeSeparator":"","_EventOrganizerID":[],"_EventVenueID":[],"_OrganizerEmail":"","_OrganizerPhone":"","_OrganizerWebsite":"","_VenueAddress":"","_VenueCity":"","_VenueCountry":"","_VenueProvince":"","_VenueState":"","_VenueZip":"","_VenuePhone":"","_VenueURL":"","_VenueStateProvince":"","_VenueLat":"","_VenueLng":"","_VenueShowMap":false,"_VenueShowMapLink":false,"footnotes":""},"class_list":["post-466","page","type-page","status-publish","hentry"],"uagb_featured_image_src":{"full":false,"thumbnail":false,"medium":false,"medium_large":false,"large":false,"1536x1536":false,"2048x2048":false},"uagb_author_info":{"display_name":"MCS-C","author_link":"https:\/\/soeursmcsc.org\/index.php\/author\/admin\/"},"uagb_comment_info":0,"uagb_excerpt":null,"_links":{"self":[{"href":"https:\/\/soeursmcsc.org\/index.php\/wp-json\/wp\/v2\/pages\/466","targetHints":{"allow":["GET"]}}],"collection":[{"href":"https:\/\/soeursmcsc.org\/index.php\/wp-json\/wp\/v2\/pages"}],"about":[{"href":"https:\/\/soeursmcsc.org\/index.php\/wp-json\/wp\/v2\/types\/page"}],"author":[{"embeddable":true,"href":"https:\/\/soeursmcsc.org\/index.php\/wp-json\/wp\/v2\/users\/1"}],"replies":[{"embeddable":true,"href":"https:\/\/soeursmcsc.org\/index.php\/wp-json\/wp\/v2\/comments?post=466"}],"version-history":[{"count":1,"href":"https:\/\/soeursmcsc.org\/index.php\/wp-json\/wp\/v2\/pages\/466\/revisions"}],"predecessor-version":[{"id":467,"href":"https:\/\/soeursmcsc.org\/index.php\/wp-json\/wp\/v2\/pages\/466\/revisions\/467"}],"wp:attachment":[{"href":"https:\/\/soeursmcsc.org\/index.php\/wp-json\/wp\/v2\/media?parent=466"}],"curies":[{"name":"wp","href":"https:\/\/api.w.org\/{rel}","templated":true}]}}