{"id":616,"date":"2024-10-11T09:47:10","date_gmt":"2024-10-11T09:47:10","guid":{"rendered":"https:\/\/bkp.mcsc.smainternational.site\/?page_id=616"},"modified":"2024-12-28T11:31:18","modified_gmt":"2024-12-28T11:31:18","slug":"animation-missionnaire-3","status":"publish","type":"page","link":"https:\/\/soeursmcsc.org\/index.php\/animation-missionnaire-3\/","title":{"rendered":"Animation Missionnaire"},"content":{"rendered":"\n<div class=\"wp-block-media-text is-stacked-on-mobile is-vertically-aligned-center\" style=\"grid-template-columns:30% auto\"><figure class=\"wp-block-media-text__media\"><img loading=\"lazy\" decoding=\"async\" width=\"1024\" height=\"575\" src=\"https:\/\/soeursmcsc.org\/wp-content\/uploads\/2024\/10\/IMG-20230810-WA0001-1024x575.jpg\" alt=\"\" class=\"wp-image-608 size-full\" srcset=\"https:\/\/soeursmcsc.org\/wp-content\/uploads\/2024\/10\/IMG-20230810-WA0001-1024x575.jpg 1024w, https:\/\/soeursmcsc.org\/wp-content\/uploads\/2024\/10\/IMG-20230810-WA0001-300x169.jpg 300w, https:\/\/soeursmcsc.org\/wp-content\/uploads\/2024\/10\/IMG-20230810-WA0001-768x432.jpg 768w, https:\/\/soeursmcsc.org\/wp-content\/uploads\/2024\/10\/IMG-20230810-WA0001-1536x863.jpg 1536w, https:\/\/soeursmcsc.org\/wp-content\/uploads\/2024\/10\/IMG-20230810-WA0001.jpg 1600w\" sizes=\"auto, (max-width: 1024px) 100vw, 1024px\" \/><\/figure><div class=\"wp-block-media-text__content\">\n<p class=\"has-text-align-center has-normal-font-size\"><strong>La mission du Groupe AMV<\/strong><\/p>\n\n\n\n<p style=\"line-height:1.5\">L&rsquo;\u00e9quipe de l&rsquo;Animation Missionnaire et Vocationnelle (AMV) de la famille spirituelle du V\u00e9n\u00e9rable Mgr Melchior de Marion Br\u00e9sillac a pour mission premi\u00e8re de raviver l&rsquo;esprit missionnaire chez tous les fid\u00e8les chr\u00e9tiens.<\/p>\n<\/div><\/div>\n\n\n\n<p>Aussi, l&rsquo;AMV essaie de faire conna\u00eetre aux fid\u00e8les chr\u00e9tiens les diff\u00e9rentes congr\u00e9gations constituant la famille spirituelle du V\u00e9n\u00e9rable Mgr Melchior de Marion Br\u00e9sillac que sont les P\u00e8res de la Soci\u00e9t\u00e9 des Missions Africaines (SMA), les S\u0153urs Missionnaires Notre Dame des Ap\u00f4tres (NDA) et les S\u0153urs Missionnaires Cat\u00e9chistes du Sacr\u00e9 C\u0153ur (MCS-C).<\/p>\n\n\n\n<p>Dans ses activit\u00e9s d&rsquo;animation missionnaire sur des paroisses et dans des coll\u00e8ges et lyc\u00e9es, l&rsquo;AMV essaie de faire conna\u00eetre les charismes, les spiritualit\u00e9s et missions de nos Instituts respectifs.<\/p>\n\n\n\n<p>De temps \u00e0 autres, nous faisons des r\u00e9unions au cours desquelles nous \u00e9valuons les activit\u00e9s men\u00e9es durant une p\u00e9riode donn\u00e9e.<\/p>\n\n\n\n<p>Prions pour qu&rsquo;\u00e0 travers l&rsquo;apostolat de l&rsquo;Animation Missionnaire et Vocationnelle, le Christ se fasse d&rsquo;avantage conna\u00eetre \u00e0 ses fr\u00e8res et s\u0153urs, de sorte \u00e0 susciter de nombreuses vocations de tous ordres.<\/p>\n\n\n\n<figure class=\"wp-block-gallery has-nested-images columns-4 is-cropped wp-block-gallery-1 is-layout-flex wp-block-gallery-is-layout-flex\">\n<figure class=\"wp-block-image size-large\"><img loading=\"lazy\" decoding=\"async\" width=\"1024\" height=\"768\" data-id=\"610\" src=\"https:\/\/soeursmcsc.org\/wp-content\/uploads\/2024\/10\/s.K.W.-Szkola-2023-1024x768.jpg\" alt=\"\" class=\"wp-image-610\" srcset=\"https:\/\/soeursmcsc.org\/wp-content\/uploads\/2024\/10\/s.K.W.-Szkola-2023-1024x768.jpg 1024w, https:\/\/soeursmcsc.org\/wp-content\/uploads\/2024\/10\/s.K.W.-Szkola-2023-300x225.jpg 300w, https:\/\/soeursmcsc.org\/wp-content\/uploads\/2024\/10\/s.K.W.-Szkola-2023-768x576.jpg 768w, https:\/\/soeursmcsc.org\/wp-content\/uploads\/2024\/10\/s.K.W.-Szkola-2023-1536x1152.jpg 1536w, https:\/\/soeursmcsc.org\/wp-content\/uploads\/2024\/10\/s.K.W.-Szkola-2023.jpg 1824w\" sizes=\"auto, (max-width: 1024px) 100vw, 1024px\" \/><\/figure>\n\n\n\n<figure class=\"wp-block-image size-large\"><img loading=\"lazy\" decoding=\"async\" width=\"1024\" height=\"768\" data-id=\"1211\" src=\"https:\/\/soeursmcsc.org\/wp-content\/uploads\/2024\/12\/IMG_20240216_161815-1024x768.jpg\" alt=\"\" class=\"wp-image-1211\" srcset=\"https:\/\/soeursmcsc.org\/wp-content\/uploads\/2024\/12\/IMG_20240216_161815-1024x768.jpg 1024w, https:\/\/soeursmcsc.org\/wp-content\/uploads\/2024\/12\/IMG_20240216_161815-300x225.jpg 300w, https:\/\/soeursmcsc.org\/wp-content\/uploads\/2024\/12\/IMG_20240216_161815-768x576.jpg 768w, https:\/\/soeursmcsc.org\/wp-content\/uploads\/2024\/12\/IMG_20240216_161815-1536x1152.jpg 1536w, https:\/\/soeursmcsc.org\/wp-content\/uploads\/2024\/12\/IMG_20240216_161815-2048x1536.jpg 2048w\" sizes=\"auto, (max-width: 1024px) 100vw, 1024px\" \/><\/figure>\n\n\n\n<figure class=\"wp-block-image size-large\"><img loading=\"lazy\" decoding=\"async\" width=\"1024\" height=\"768\" data-id=\"607\" src=\"https:\/\/soeursmcsc.org\/wp-content\/uploads\/2024\/10\/Animation-missionnaire-1024x768.jpg\" alt=\"\" class=\"wp-image-607\" srcset=\"https:\/\/soeursmcsc.org\/wp-content\/uploads\/2024\/10\/Animation-missionnaire-1024x768.jpg 1024w, https:\/\/soeursmcsc.org\/wp-content\/uploads\/2024\/10\/Animation-missionnaire-300x225.jpg 300w, https:\/\/soeursmcsc.org\/wp-content\/uploads\/2024\/10\/Animation-missionnaire-768x576.jpg 768w, https:\/\/soeursmcsc.org\/wp-content\/uploads\/2024\/10\/Animation-missionnaire.jpg 1080w\" sizes=\"auto, (max-width: 1024px) 100vw, 1024px\" \/><\/figure>\n<\/figure>\n","protected":false},"excerpt":{"rendered":"<p>La mission du Groupe AMV L&rsquo;\u00e9quipe de l&rsquo;Animation Missionnaire et Vocationnelle (AMV) de la famille spirituelle du V\u00e9n\u00e9rable Mgr Melchior de Marion Br\u00e9sillac a pour mission premi\u00e8re de raviver&#8230;<\/p>\n","protected":false},"author":1,"featured_media":0,"parent":0,"menu_order":0,"comment_status":"closed","ping_status":"closed","template":"","meta":{"_uag_custom_page_level_css":"","_EventAllDay":false,"_EventTimezone":"","_EventStartDate":"","_EventEndDate":"","_EventStartDateUTC":"","_EventEndDateUTC":"","_EventShowMap":false,"_EventShowMapLink":false,"_EventURL":"","_EventCost":"","_EventCostDescription":"","_EventCurrencySymbol":"","_EventCurrencyCode":"","_EventCurrencyPosition":"","_EventDateTimeSeparator":"","_EventTimeRangeSeparator":"","_EventOrganizerID":[],"_EventVenueID":[],"_OrganizerEmail":"","_OrganizerPhone":"","_OrganizerWebsite":"","_VenueAddress":"","_VenueCity":"","_VenueCountry":"","_VenueProvince":"","_VenueState":"","_VenueZip":"","_VenuePhone":"","_VenueURL":"","_VenueStateProvince":"","_VenueLat":"","_VenueLng":"","_VenueShowMap":false,"_VenueShowMapLink":false,"footnotes":""},"class_list":["post-616","page","type-page","status-publish","hentry"],"uagb_featured_image_src":{"full":false,"thumbnail":false,"medium":false,"medium_large":false,"large":false,"1536x1536":false,"2048x2048":false},"uagb_author_info":{"display_name":"MCS-C","author_link":"https:\/\/soeursmcsc.org\/index.php\/author\/admin\/"},"uagb_comment_info":0,"uagb_excerpt":"La mission du Groupe AMV L&rsquo;\u00e9quipe de l&rsquo;Animation Missionnaire et Vocationnelle (AMV) de la famille spirituelle du V\u00e9n\u00e9rable Mgr Melchior de Marion Br\u00e9sillac a pour mission premi\u00e8re de raviver...","_links":{"self":[{"href":"https:\/\/soeursmcsc.org\/index.php\/wp-json\/wp\/v2\/pages\/616","targetHints":{"allow":["GET"]}}],"collection":[{"href":"https:\/\/soeursmcsc.org\/index.php\/wp-json\/wp\/v2\/pages"}],"about":[{"href":"https:\/\/soeursmcsc.org\/index.php\/wp-json\/wp\/v2\/types\/page"}],"author":[{"embeddable":true,"href":"https:\/\/soeursmcsc.org\/index.php\/wp-json\/wp\/v2\/users\/1"}],"replies":[{"embeddable":true,"href":"https:\/\/soeursmcsc.org\/index.php\/wp-json\/wp\/v2\/comments?post=616"}],"version-history":[{"count":7,"href":"https:\/\/soeursmcsc.org\/index.php\/wp-json\/wp\/v2\/pages\/616\/revisions"}],"predecessor-version":[{"id":1212,"href":"https:\/\/soeursmcsc.org\/index.php\/wp-json\/wp\/v2\/pages\/616\/revisions\/1212"}],"wp:attachment":[{"href":"https:\/\/soeursmcsc.org\/index.php\/wp-json\/wp\/v2\/media?parent=616"}],"curies":[{"name":"wp","href":"https:\/\/api.w.org\/{rel}","templated":true}]}}