{"id":654,"date":"2024-10-11T10:53:46","date_gmt":"2024-10-11T10:53:46","guid":{"rendered":"https:\/\/bkp.mcsc.smainternational.site\/?page_id=654"},"modified":"2024-12-28T09:32:27","modified_gmt":"2024-12-28T09:32:27","slug":"adoration","status":"publish","type":"page","link":"https:\/\/soeursmcsc.org\/index.php\/adoration\/","title":{"rendered":"Adoration"},"content":{"rendered":"\n<figure class=\"wp-block-image alignleft size-medium\"><img loading=\"lazy\" decoding=\"async\" width=\"300\" height=\"200\" src=\"https:\/\/soeursmcsc.org\/wp-content\/uploads\/2024\/10\/IMG_2063-300x200.jpg\" alt=\"\" class=\"wp-image-655\" srcset=\"https:\/\/soeursmcsc.org\/wp-content\/uploads\/2024\/10\/IMG_2063-300x200.jpg 300w, https:\/\/soeursmcsc.org\/wp-content\/uploads\/2024\/10\/IMG_2063-1024x683.jpg 1024w, https:\/\/soeursmcsc.org\/wp-content\/uploads\/2024\/10\/IMG_2063-768x512.jpg 768w, https:\/\/soeursmcsc.org\/wp-content\/uploads\/2024\/10\/IMG_2063-1536x1024.jpg 1536w, https:\/\/soeursmcsc.org\/wp-content\/uploads\/2024\/10\/IMG_2063-2048x1365.jpg 2048w\" sizes=\"auto, (max-width: 300px) 100vw, 300px\" \/><\/figure>\n\n\n\n<p><strong>L&rsquo;Adoration Eucharistique est le pilier de notre vie des Missionnaires Cat\u00e9chistes du Sacr\u00e9-C\u0153ur<br><\/strong><br>Dans la vie des Missionnaires Cat\u00e9chistes du Sacr\u00e9-C\u0153ur, l&rsquo;adoration occupe une place centrale et constitue le pilier fondamental de notre existence. Notre congr\u00e9gation, fond\u00e9e en 1922 par les deux jeunes filles lyonnaises, Alice et Marie-Th\u00e9r\u00e8se Munet, avec l\u2019aide du P\u00e8re Jean Marie Chabert, a pour vocation la Premi\u00e8re \u00c9vang\u00e9lisation ainsi que l\u2019Adoration. Au c\u0153ur de notre mission se trouve l&rsquo;adoration du Saint-Sacrement, une pratique spirituelle profonde qui nourrit et guide notre engagement envers Dieu et notre service envers les autres.<br><br>L&rsquo;adoration consiste en une contemplation fervente et respectueuse de la pr\u00e9sence r\u00e9elle du Christ dans l&rsquo;Eucharistie. Pour les Missionnaires Cat\u00e9chistes du Sacr\u00e9-C\u0153ur, cette forme de pri\u00e8re n&rsquo;est pas simplement une pratique occasionnelle, mais un v\u00e9ritable mode de vie. Nous consid\u00e9rons l&rsquo;adoration comme un acte essentiel de notre relation personnelle avec Dieu, une rencontre intime avec Celui qui est le centre de notre foi.<br><br>Dans l&rsquo;adoration, les Missionnaires Cat\u00e9chistes du Sacr\u00e9-C\u0153ur trouvent un espace de silence et de recueillement o\u00f9 elles peuvent se ressourcer spirituellement. C&rsquo;est dans ces moments de contemplation silencieuse que nous puisons la force n\u00e9cessaire pour affronter les d\u00e9fis de notre mission quotidienne. L&rsquo;adoration nous aide \u00e0 demeurer ancr\u00e9es dans la pr\u00e9sence divine, renouvelant ainsi notre z\u00e8le apostolique et notre d\u00e9vouement envers les autres.<br><br>Pour nous, missionnaires, l&rsquo;adoration va au-del\u00e0 de la simple pri\u00e8re individuelle. Elle est \u00e9galement v\u00e9cue en communaut\u00e9, renfor\u00e7ant les liens fraternelles et communautaires entre les membres. R\u00e9unis devant le Saint-Sacrement, nous partageons ensemble nos joies, nos peines et nos aspirations les plus profondes. Cette communion dans la pri\u00e8re renforce notre unit\u00e9 et nous inspire pour \u0153uvrer ensemble \u00e0 l\u2019annonce de l&rsquo;\u00c9vangile, particuli\u00e8rement en Afrique. <br><br>Enfin, l&rsquo;adoration est le socle sur lequel s&rsquo;\u00e9difie toute notre action missionnaire. En contemplant le Christ pr\u00e9sent dans l&rsquo;Eucharistie, nous trouvons notre mod\u00e8le et notre inspiration pour servir les plus pauvres avec amour et compassion. Notre engagement \u00e9vang\u00e9lique est ainsi nourri et soutenu par cette intimit\u00e9 avec le Seigneur, qui nous guide et nous fortifie dans notre mission de t\u00e9moigner de l&rsquo;amour de Dieu au monde. <br><br>En conclusion, pour les Missionnaires Cat\u00e9chistes du Sacr\u00e9-C\u0153ur, l&rsquo;adoration est bien plus qu&rsquo;une simple pratique religieuse ; elle est le fondement m\u00eame de notre vie spirituelle et de notre engagement missionnaire. En nous tournant vers le Saint-Sacrement avec foi, nous puisons la force n\u00e9cessaire pour vivre pleinement notre vocation et r\u00e9pondre \u00e0 l&rsquo;appel de l&rsquo;\u00e9vang\u00e9lisation avec un c\u0153ur g\u00e9n\u00e9reux et joyeux.<\/p>\n\n\n\t\t\t\t\t<div\n\t\t\t\t\t\tclass=\"wp-block-uagb-image-gallery uagb-block-bcab96af     \"\n\t\t\t\t\t\tstyle=\"\"\n\t\t\t\t\t>\n\t\t\t\t\t\t\t\t\t\t\t<div class=\"spectra-image-gallery spectra-image-gallery__layout--carousel\">\n\t\t\t\t\t\t\t\t<div class=\"uagb-slick-carousel uagb-block-bcab96af\">\n\t\t\t\t\t\t\t\t\t\t\t\t<div class='spectra-image-gallery__media-wrapper' data-spectra-gallery-image-id='1118'>\n\t\t\t\t\t\t\t<div class=\"spectra-image-gallery__media spectra-image-gallery__media--carousel\">\n\t\t\t\t<picture>\n\t\t\t\t\t<source media=\"(min-width: 1024px)\" srcset=\"https:\/\/soeursmcsc.org\/wp-content\/uploads\/2024\/12\/IMG_3150-1024x683.jpg\">\n\t\t\t\t\t<source media=\"(min-width: 768px)\" srcset=\"https:\/\/soeursmcsc.org\/wp-content\/uploads\/2024\/12\/IMG_3150-1024x683.jpg\">\n\t\t\t\t\t<img decoding=\"async\" class=\"spectra-image-gallery__media-thumbnail spectra-image-gallery__media-thumbnail--carousel\" src=\"https:\/\/soeursmcsc.org\/wp-content\/uploads\/2024\/12\/IMG_3150-300x200.jpg\" alt=\"\" loading=\"lazy\" \/>\n\t\t\t\t<\/picture>\n\t\t\t\t<div class=\"spectra-image-gallery__media-thumbnail-blurrer\"><\/div>\n\t\t\t\t\t\t\t\t\t\t\t<div class=\"spectra-image-gallery__media-thumbnail-caption-wrapper spectra-image-gallery__media-thumbnail-caption-wrapper--overlay\">\n\t\t\t\t\t\t\t\t\t\t\t<div class=\"spectra-image-gallery__media-thumbnail-caption spectra-image-gallery__media-thumbnail-caption--overlay\">\n\t\t\t\t\tAucune l\u00e9gende\t\t\t\t<\/div>\n\t\t\t\t\t\t\t\t\t\t<\/div>\n\t\t\t\t\t\t\t\t\t<\/div>\n\t\t\t\t\t\t<\/div>\n\t\t\t\t\t\t<div class='spectra-image-gallery__media-wrapper' data-spectra-gallery-image-id='686'>\n\t\t\t\t\t\t\t<div class=\"spectra-image-gallery__media spectra-image-gallery__media--carousel\">\n\t\t\t\t<picture>\n\t\t\t\t\t<source media=\"(min-width: 1024px)\" srcset=\"https:\/\/soeursmcsc.org\/wp-content\/uploads\/2024\/10\/Parakou8-1024x683.jpg\">\n\t\t\t\t\t<source media=\"(min-width: 768px)\" srcset=\"https:\/\/soeursmcsc.org\/wp-content\/uploads\/2024\/10\/Parakou8-1024x683.jpg\">\n\t\t\t\t\t<img decoding=\"async\" class=\"spectra-image-gallery__media-thumbnail spectra-image-gallery__media-thumbnail--carousel\" src=\"https:\/\/soeursmcsc.org\/wp-content\/uploads\/2024\/10\/Parakou8-300x200.jpg\" alt=\"\" loading=\"lazy\" \/>\n\t\t\t\t<\/picture>\n\t\t\t\t<div class=\"spectra-image-gallery__media-thumbnail-blurrer\"><\/div>\n\t\t\t\t\t\t\t\t\t\t\t<div class=\"spectra-image-gallery__media-thumbnail-caption-wrapper spectra-image-gallery__media-thumbnail-caption-wrapper--overlay\">\n\t\t\t\t\t\t\t\t\t\t\t<div class=\"spectra-image-gallery__media-thumbnail-caption spectra-image-gallery__media-thumbnail-caption--overlay\">\n\t\t\t\t\tAucune l\u00e9gende\t\t\t\t<\/div>\n\t\t\t\t\t\t\t\t\t\t<\/div>\n\t\t\t\t\t\t\t\t\t<\/div>\n\t\t\t\t\t\t<\/div>\n\t\t\t\t\t\t<div class='spectra-image-gallery__media-wrapper' data-spectra-gallery-image-id='1117'>\n\t\t\t\t\t\t\t<div class=\"spectra-image-gallery__media spectra-image-gallery__media--carousel\">\n\t\t\t\t<picture>\n\t\t\t\t\t<source media=\"(min-width: 1024px)\" srcset=\"https:\/\/soeursmcsc.org\/wp-content\/uploads\/2024\/12\/IMG_3141-1024x683.jpg\">\n\t\t\t\t\t<source media=\"(min-width: 768px)\" srcset=\"https:\/\/soeursmcsc.org\/wp-content\/uploads\/2024\/12\/IMG_3141-1024x683.jpg\">\n\t\t\t\t\t<img decoding=\"async\" class=\"spectra-image-gallery__media-thumbnail spectra-image-gallery__media-thumbnail--carousel\" src=\"https:\/\/soeursmcsc.org\/wp-content\/uploads\/2024\/12\/IMG_3141-300x200.jpg\" alt=\"\" loading=\"lazy\" \/>\n\t\t\t\t<\/picture>\n\t\t\t\t<div class=\"spectra-image-gallery__media-thumbnail-blurrer\"><\/div>\n\t\t\t\t\t\t\t\t\t\t\t<div class=\"spectra-image-gallery__media-thumbnail-caption-wrapper spectra-image-gallery__media-thumbnail-caption-wrapper--overlay\">\n\t\t\t\t\t\t\t\t\t\t\t<div class=\"spectra-image-gallery__media-thumbnail-caption spectra-image-gallery__media-thumbnail-caption--overlay\">\n\t\t\t\t\tAucune l\u00e9gende\t\t\t\t<\/div>\n\t\t\t\t\t\t\t\t\t\t<\/div>\n\t\t\t\t\t\t\t\t\t<\/div>\n\t\t\t\t\t\t<\/div>\n\t\t\t\t\t\t<div class='spectra-image-gallery__media-wrapper' data-spectra-gallery-image-id='1141'>\n\t\t\t\t\t\t\t<div class=\"spectra-image-gallery__media spectra-image-gallery__media--carousel\">\n\t\t\t\t<picture>\n\t\t\t\t\t<source media=\"(min-width: 1024px)\" srcset=\"https:\/\/soeursmcsc.org\/wp-content\/uploads\/2024\/12\/IMG_6085-1024x683.jpg\">\n\t\t\t\t\t<source media=\"(min-width: 768px)\" srcset=\"https:\/\/soeursmcsc.org\/wp-content\/uploads\/2024\/12\/IMG_6085-1024x683.jpg\">\n\t\t\t\t\t<img decoding=\"async\" class=\"spectra-image-gallery__media-thumbnail spectra-image-gallery__media-thumbnail--carousel\" src=\"https:\/\/soeursmcsc.org\/wp-content\/uploads\/2024\/12\/IMG_6085-300x200.jpg\" alt=\"\" loading=\"lazy\" \/>\n\t\t\t\t<\/picture>\n\t\t\t\t<div class=\"spectra-image-gallery__media-thumbnail-blurrer\"><\/div>\n\t\t\t\t\t\t\t\t\t\t\t<div class=\"spectra-image-gallery__media-thumbnail-caption-wrapper spectra-image-gallery__media-thumbnail-caption-wrapper--overlay\">\n\t\t\t\t\t\t\t\t\t\t\t<div class=\"spectra-image-gallery__media-thumbnail-caption spectra-image-gallery__media-thumbnail-caption--overlay\">\n\t\t\t\t\tAucune l\u00e9gende\t\t\t\t<\/div>\n\t\t\t\t\t\t\t\t\t\t<\/div>\n\t\t\t\t\t\t\t\t\t<\/div>\n\t\t\t\t\t\t<\/div>\n\t\t\t\t\t\t\t\t\t\t\t<\/div>\n\t\t\t\t\t\t\t<\/div>\n\t\t\t\t\t\t\t\t\t\t\t<\/div>\n\t\t\t\t\t\t\t\t\t\t\t<div class='spectra-image-gallery__control-lightbox' tabindex='0'>\n\t\t\t\t\t\t\t\t\t\t\t<div class=\"swiper spectra-image-gallery__control-lightbox--main\" dir=\"\">\n\t\t\t\t\t<div class=\"swiper-wrapper\">\n\t\t\t\t\t\t\t\t\t\t\t\t\t\n\t\t\t\t\t\t\t<div class=\"swiper-slide\">\n\t\t\t\t\t\t\t\t<img class=\"swiper-lazy\" data-src=\"https:\/\/soeursmcsc.org\/wp-content\/uploads\/2024\/12\/IMG_3150.jpg\" alt=\"\"\/>\n\t\t\t\t\t\t\t\t<div class=\"swiper-lazy-preloader swiper-lazy-preloader-white\"><\/div>\n\t\t\t\t\t\t\t\t\t\t\t\t\t\t\t<\/div>\n\t\t\t\t\t\t\t\t\t\t\t\t\t\n\t\t\t\t\t\t\t<div class=\"swiper-slide\">\n\t\t\t\t\t\t\t\t<img class=\"swiper-lazy\" data-src=\"https:\/\/soeursmcsc.org\/wp-content\/uploads\/2024\/10\/Parakou8.jpg\" alt=\"\"\/>\n\t\t\t\t\t\t\t\t<div class=\"swiper-lazy-preloader swiper-lazy-preloader-white\"><\/div>\n\t\t\t\t\t\t\t\t\t\t\t\t\t\t\t<\/div>\n\t\t\t\t\t\t\t\t\t\t\t\t\t\n\t\t\t\t\t\t\t<div class=\"swiper-slide\">\n\t\t\t\t\t\t\t\t<img class=\"swiper-lazy\" data-src=\"https:\/\/soeursmcsc.org\/wp-content\/uploads\/2024\/12\/IMG_3141.jpg\" alt=\"\"\/>\n\t\t\t\t\t\t\t\t<div class=\"swiper-lazy-preloader swiper-lazy-preloader-white\"><\/div>\n\t\t\t\t\t\t\t\t\t\t\t\t\t\t\t<\/div>\n\t\t\t\t\t\t\t\t\t\t\t\t\t\n\t\t\t\t\t\t\t<div class=\"swiper-slide\">\n\t\t\t\t\t\t\t\t<img class=\"swiper-lazy\" data-src=\"https:\/\/soeursmcsc.org\/wp-content\/uploads\/2024\/12\/IMG_6085.jpg\" alt=\"\"\/>\n\t\t\t\t\t\t\t\t<div class=\"swiper-lazy-preloader swiper-lazy-preloader-white\"><\/div>\n\t\t\t\t\t\t\t\t\t\t\t\t\t\t\t<\/div>\n\t\t\t\t\t\t\t\t\t\t\t<\/div>\n\t\t\t\t\t<div class=\"swiper-button-next\"><\/div>\n\t\t\t\t\t<div class=\"swiper-button-prev\"><\/div>\n\t\t\t\t<\/div>\t\t\t\n\t\t\t\t\t\t\t\t\t\t\t\t\t\t\t\t\t\t\t\t\t\t\t\t\t\t\t\t\t\t\t\t<button class='spectra-image-gallery__control-lightbox--close'>\n\t\t\t\t\t\t\t\t\t\t\t\t\t<svg xmlns=\"https:\/\/www.w3.org\/2000\/svg\" viewBox= \"0 0 320 512\"><path d=\"M310.6 361.4c12.5 12.5 12.5 32.75 0 45.25C304.4 412.9 296.2 416 288 416s-16.38-3.125-22.62-9.375L160 301.3L54.63 406.6C48.38 412.9 40.19 416 32 416S15.63 412.9 9.375 406.6c-12.5-12.5-12.5-32.75 0-45.25l105.4-105.4L9.375 150.6c-12.5-12.5-12.5-32.75 0-45.25s32.75-12.5 45.25 0L160 210.8l105.4-105.4c12.5-12.5 32.75-12.5 45.25 0s12.5 32.75 0 45.25l-105.4 105.4L310.6 361.4z\"><\/path><\/svg>\n\t\t\t\t\t\t\t\t\t\t\t\t<\/button>\n\t\t\t\t\t\t\t\t\t\t\t\t\t<\/div>\n\t\t\t\t\t\t\t\t\t","protected":false},"excerpt":{"rendered":"<p>L&rsquo;Adoration Eucharistique est le pilier de notre vie des Missionnaires Cat\u00e9chistes du Sacr\u00e9-C\u0153urDans la vie des Missionnaires Cat\u00e9chistes du Sacr\u00e9-C\u0153ur, l&rsquo;adoration occupe une place centrale et constitue le pilier&#8230;<\/p>\n","protected":false},"author":1,"featured_media":0,"parent":0,"menu_order":0,"comment_status":"closed","ping_status":"closed","template":"","meta":{"_uag_custom_page_level_css":"","_EventAllDay":false,"_EventTimezone":"","_EventStartDate":"","_EventEndDate":"","_EventStartDateUTC":"","_EventEndDateUTC":"","_EventShowMap":false,"_EventShowMapLink":false,"_EventURL":"","_EventCost":"","_EventCostDescription":"","_EventCurrencySymbol":"","_EventCurrencyCode":"","_EventCurrencyPosition":"","_EventDateTimeSeparator":"","_EventTimeRangeSeparator":"","_EventOrganizerID":[],"_EventVenueID":[],"_OrganizerEmail":"","_OrganizerPhone":"","_OrganizerWebsite":"","_VenueAddress":"","_VenueCity":"","_VenueCountry":"","_VenueProvince":"","_VenueState":"","_VenueZip":"","_VenuePhone":"","_VenueURL":"","_VenueStateProvince":"","_VenueLat":"","_VenueLng":"","_VenueShowMap":false,"_VenueShowMapLink":false,"footnotes":""},"class_list":["post-654","page","type-page","status-publish","hentry"],"uagb_featured_image_src":{"full":false,"thumbnail":false,"medium":false,"medium_large":false,"large":false,"1536x1536":false,"2048x2048":false},"uagb_author_info":{"display_name":"MCS-C","author_link":"https:\/\/soeursmcsc.org\/index.php\/author\/admin\/"},"uagb_comment_info":0,"uagb_excerpt":"L&rsquo;Adoration Eucharistique est le pilier de notre vie des Missionnaires Cat\u00e9chistes du Sacr\u00e9-C\u0153urDans la vie des Missionnaires Cat\u00e9chistes du Sacr\u00e9-C\u0153ur, l&rsquo;adoration occupe une place centrale et constitue le pilier...","_links":{"self":[{"href":"https:\/\/soeursmcsc.org\/index.php\/wp-json\/wp\/v2\/pages\/654","targetHints":{"allow":["GET"]}}],"collection":[{"href":"https:\/\/soeursmcsc.org\/index.php\/wp-json\/wp\/v2\/pages"}],"about":[{"href":"https:\/\/soeursmcsc.org\/index.php\/wp-json\/wp\/v2\/types\/page"}],"author":[{"embeddable":true,"href":"https:\/\/soeursmcsc.org\/index.php\/wp-json\/wp\/v2\/users\/1"}],"replies":[{"embeddable":true,"href":"https:\/\/soeursmcsc.org\/index.php\/wp-json\/wp\/v2\/comments?post=654"}],"version-history":[{"count":7,"href":"https:\/\/soeursmcsc.org\/index.php\/wp-json\/wp\/v2\/pages\/654\/revisions"}],"predecessor-version":[{"id":1142,"href":"https:\/\/soeursmcsc.org\/index.php\/wp-json\/wp\/v2\/pages\/654\/revisions\/1142"}],"wp:attachment":[{"href":"https:\/\/soeursmcsc.org\/index.php\/wp-json\/wp\/v2\/media?parent=654"}],"curies":[{"name":"wp","href":"https:\/\/api.w.org\/{rel}","templated":true}]}}