{"id":669,"date":"2024-10-11T11:51:10","date_gmt":"2024-10-11T11:51:10","guid":{"rendered":"https:\/\/bkp.mcsc.smainternational.site\/?page_id=669"},"modified":"2024-12-19T10:05:18","modified_gmt":"2024-12-19T10:05:18","slug":"projet","status":"publish","type":"page","link":"https:\/\/soeursmcsc.org\/index.php\/projet\/","title":{"rendered":"Projet \u00c0 Soutenir"},"content":{"rendered":"\n<figure class=\"wp-block-image alignleft size-medium\"><img loading=\"lazy\" decoding=\"async\" width=\"300\" height=\"200\" src=\"https:\/\/soeursmcsc.org\/wp-content\/uploads\/2024\/04\/Sante3-300x200.jpg\" alt=\"\" class=\"wp-image-307\"\/><\/figure>\n\n\n\n<p class=\"has-text-align-center\"><strong>Approvisionnement en m\u00e9dicaments et la construction d\u2019un b\u00e2timent sanitaire pour le Centre de R\u00e9cup\u00e9ration Nutritionnelle (CRN) de Broukou au Togo.<\/strong><\/p>\n\n\n\n<p>Nous tenons tout d\u2019abord \u00e0 vous t\u00e9moigner notre profonde reconnaissance pour les divers projets que vous avez g\u00e9n\u00e9reusement contribu\u00e9 \u00e0 financer par le pass\u00e9 au Togo et au B\u00e9nin. Que Dieu vous le rende au centuple.<br><br>Nous souhaitons vous pr\u00e9senter une fois de plus, les projets du CRN Saint Kisito Ami des Enfants de Broukou au Togo. Broukou est une petite localit\u00e9 situ\u00e9e \u00e0 50 km de Kara, dans le Nord-Ouest du Pays. C\u2019est un milieu rural tr\u00e8s d\u00e9favoris\u00e9 sur le plan \u00e9conomique.<br><br>Le Centre de R\u00e9cup\u00e9ration Nutritionnelle Saint Kisito Ami des Enfants a \u00e9t\u00e9 cr\u00e9\u00e9 le 16 mars 2006 et il est reconnu par le Minist\u00e8re de la Sant\u00e9 depuis le 03 d\u00e9cembre 2009 (Arr\u00eat\u00e9 N\u00b00262\/2009\/MS\/CAB\/DGS). Il a pour objectif de prendre en charge les enfants \u00e2g\u00e9s de 0 \u00e0 15 ans souffrant de malnutrition aigu\u00eb li\u00e9e au paludisme grave, ainsi que de formes an\u00e9miques s\u00e9v\u00e8res et de pr\u00e9venir l\u2019ins\u00e9curit\u00e9 alimentaire pendant la saison s\u00e8che.<br><br>Le taux de mortalit\u00e9 li\u00e9 \u00e0 la forme an\u00e9mique s\u00e9v\u00e8re du paludisme est tr\u00e8s \u00e9lev\u00e9 en raison du faible revenu des parents qui ne peuvent pas se permettre d\u2019acheter les m\u00e9dicaments prescrits et de suivre le protocole d\u2019une meilleure prise en charge lors du transfert en milieu hospitalier \u00e0 Kara. Malheureusement, les moyens financiers actuels du centre ne nous permettent ni d\u2019assurer un approvisionnement ad\u00e9quat en m\u00e9dicaments ni un accueil conforme aux normes sanitaires de l\u2019\u00c9tat togolais pour pouvoir soigner cette population vuln\u00e9rable.<br><br>En effet, les r\u00e9formes entreprises dans le domaine de la sant\u00e9, poussent l\u2019\u00c9tat \u00e0 exiger des \u00e9tablissements de sant\u00e9 togolais qu\u2019ils offrent des soins de niveau sup\u00e9rieur et qu\u2019ils am\u00e9liorent la qualit\u00e9 de leurs services pour garantir un accueil chaleureux aux patients des centres de sant\u00e9 du Pays. Pour autant, aucune subvention n\u2019est accord\u00e9e par l\u2019\u00c9tat pour mettre en \u0153uvre ce projet.<br><br>Dans ce contexte, le 27 octobre 2023, notre structure a \u00e9t\u00e9 soumise \u00e0 une supervision afin d\u2019\u00e9valuer le respect des normes de qualit\u00e9 des soins et des services. Cette \u00e9valuation a r\u00e9v\u00e9l\u00e9 plusieurs lacunes \u00e0 combler pour am\u00e9liorer l\u2019\u00e9tat du centre et offrir des soins de meilleure qualit\u00e9. Parmi celles-ci, nous avons identifi\u00e9 le manque de certaines salles sanitaires, telles que le bureau du responsable, la salle de consultations, la salle de pansements, la salle d\u2019attente, le magasin, le laboratoire, une salle d\u2019isolement, la cl\u00f4ture du centre et la salle de garde pour le personnel. De plus, les latrines et les douches existantes doivent \u00eatre d\u00e9molies et reconstruites en raison de<br>probl\u00e8mes de fondations. <br><br>Afin de r\u00e9soudre ce probl\u00e8me, il est imp\u00e9ratif de construire une infrastructure sanitaire qui respecte les normes de sant\u00e9 requises.<br>Face \u00e0 ces r\u00e9alit\u00e9s, nous sollicitons humblement votre bienveillance et votre g\u00e9n\u00e9rosit\u00e9 pour nous aider \u00e0 r\u00e9pondre aux normes requises pour secourir ces enfants \u00e2g\u00e9s de 0 \u00e0 15 ans souffrant de malnutrition.<\/p>\n\n\n\n<p class=\"has-text-align-left has-background-background-color has-background\"><strong>Nos besoins se r\u00e9sument comme suit&nbsp;: <br><mark style=\"background-color:rgba(0, 0, 0, 0)\" class=\"has-inline-color has-heading-color-color\"><br>1- Accueillir et assurer la survie des enfants malades dans une structure sanitaire bien adapt\u00e9e&nbsp;: co\u00fbt de 47 528\u20ac. <br>2- Approvisionnement en m\u00e9dicaments suffisant&nbsp;: soit un co\u00fbt de 5 000\u20ac.<\/mark><mark style=\"background-color:rgba(0, 0, 0, 0)\" class=\"has-inline-color has-foreground-color\"> <\/mark><br><br>A.M.A.M.A. est habilit\u00e9e \u00e0 recevoir des dons \u00e9ligibles \u00e0 la r\u00e9duction d\u2019imp\u00f4ts et des legs en exon\u00e9ration de droits.<br><br>A.M.A.M.A. &#8211; Villa de la Vierge, 24 rue des S\u0153urs Munet, 06500 MENTON<\/strong><\/p>\n\n\n\n<p>Nous vous sommes tr\u00e8s reconnaissantes pour tout ce que vous faites pour nous. Que Dieu vous b\u00e9nisse abondamment.<\/p>\n\n\n\n<p class=\"has-text-align-right\"><strong>Directrice du Centre de R\u00e9cup\u00e9ration Nutritionnelle<br>Sr Esther A. CHABI<\/strong><\/p>\n\n\n\t\t\t\t\t<div\n\t\t\t\t\t\tclass=\"wp-block-uagb-image-gallery uagb-block-f22053a8     \"\n\t\t\t\t\t\tstyle=\"\"\n\t\t\t\t\t>\n\t\t\t\t\t\t\t\t\t\t\t<div class=\"spectra-image-gallery spectra-image-gallery__layout--carousel\">\n\t\t\t\t\t\t\t\t<div class=\"uagb-slick-carousel uagb-block-f22053a8\">\n\t\t\t\t\t\t\t\t\t\t\t\t<div class='spectra-image-gallery__media-wrapper' data-spectra-gallery-image-id='671'>\n\t\t\t\t\t\t\t<div class=\"spectra-image-gallery__media spectra-image-gallery__media--carousel\">\n\t\t\t\t<picture>\n\t\t\t\t\t<source media=\"(min-width: 1024px)\" srcset=\"https:\/\/soeursmcsc.org\/wp-content\/uploads\/2024\/10\/projetMCSC-300x200.jpg\">\n\t\t\t\t\t<source media=\"(min-width: 768px)\" srcset=\"https:\/\/soeursmcsc.org\/wp-content\/uploads\/2024\/10\/projetMCSC-1024x682.jpg\">\n\t\t\t\t\t<img decoding=\"async\" class=\"spectra-image-gallery__media-thumbnail spectra-image-gallery__media-thumbnail--carousel\" src=\"https:\/\/soeursmcsc.org\/wp-content\/uploads\/2024\/10\/projetMCSC-300x200.jpg\" alt=\"\" loading=\"lazy\" \/>\n\t\t\t\t<\/picture>\n\t\t\t\t<div class=\"spectra-image-gallery__media-thumbnail-blurrer\"><\/div>\n\t\t\t\t\t\t\t\t\t\t\t<div class=\"spectra-image-gallery__media-thumbnail-caption-wrapper spectra-image-gallery__media-thumbnail-caption-wrapper--overlay\">\n\t\t\t\t\t\t\t\t\t\t\t<div class=\"spectra-image-gallery__media-thumbnail-caption spectra-image-gallery__media-thumbnail-caption--overlay\">\n\t\t\t\t\tAucune l\u00e9gende\t\t\t\t<\/div>\n\t\t\t\t\t\t\t\t\t\t<\/div>\n\t\t\t\t\t\t\t\t\t<\/div>\n\t\t\t\t\t\t<\/div>\n\t\t\t\t\t\t<div class='spectra-image-gallery__media-wrapper' data-spectra-gallery-image-id='310'>\n\t\t\t\t\t\t\t<div class=\"spectra-image-gallery__media spectra-image-gallery__media--carousel\">\n\t\t\t\t<picture>\n\t\t\t\t\t<source media=\"(min-width: 1024px)\" srcset=\"https:\/\/soeursmcsc.org\/wp-content\/uploads\/2024\/04\/Sante2-300x200.jpg\">\n\t\t\t\t\t<source media=\"(min-width: 768px)\" srcset=\"https:\/\/soeursmcsc.org\/wp-content\/uploads\/2024\/04\/Sante2-1024x683.jpg\">\n\t\t\t\t\t<img decoding=\"async\" class=\"spectra-image-gallery__media-thumbnail spectra-image-gallery__media-thumbnail--carousel\" src=\"https:\/\/soeursmcsc.org\/wp-content\/uploads\/2024\/04\/Sante2-300x200.jpg\" alt=\"\" loading=\"lazy\" \/>\n\t\t\t\t<\/picture>\n\t\t\t\t<div class=\"spectra-image-gallery__media-thumbnail-blurrer\"><\/div>\n\t\t\t\t\t\t\t\t\t\t\t<div class=\"spectra-image-gallery__media-thumbnail-caption-wrapper spectra-image-gallery__media-thumbnail-caption-wrapper--overlay\">\n\t\t\t\t\t\t\t\t\t\t\t<div class=\"spectra-image-gallery__media-thumbnail-caption spectra-image-gallery__media-thumbnail-caption--overlay\">\n\t\t\t\t\tAucune l\u00e9gende\t\t\t\t<\/div>\n\t\t\t\t\t\t\t\t\t\t<\/div>\n\t\t\t\t\t\t\t\t\t<\/div>\n\t\t\t\t\t\t<\/div>\n\t\t\t\t\t\t<div class='spectra-image-gallery__media-wrapper' data-spectra-gallery-image-id='601'>\n\t\t\t\t\t\t\t<div class=\"spectra-image-gallery__media spectra-image-gallery__media--carousel\">\n\t\t\t\t<picture>\n\t\t\t\t\t<source media=\"(min-width: 1024px)\" srcset=\"https:\/\/soeursmcsc.org\/wp-content\/uploads\/2024\/04\/Sante1-300x200.jpg\">\n\t\t\t\t\t<source media=\"(min-width: 768px)\" srcset=\"https:\/\/soeursmcsc.org\/wp-content\/uploads\/2024\/04\/Sante1-1024x683.jpg\">\n\t\t\t\t\t<img decoding=\"async\" class=\"spectra-image-gallery__media-thumbnail spectra-image-gallery__media-thumbnail--carousel\" src=\"https:\/\/soeursmcsc.org\/wp-content\/uploads\/2024\/04\/Sante1-300x200.jpg\" alt=\"\" loading=\"lazy\" \/>\n\t\t\t\t<\/picture>\n\t\t\t\t<div class=\"spectra-image-gallery__media-thumbnail-blurrer\"><\/div>\n\t\t\t\t\t\t\t\t\t\t\t<div class=\"spectra-image-gallery__media-thumbnail-caption-wrapper spectra-image-gallery__media-thumbnail-caption-wrapper--overlay\">\n\t\t\t\t\t\t\t\t\t\t\t<div class=\"spectra-image-gallery__media-thumbnail-caption spectra-image-gallery__media-thumbnail-caption--overlay\">\n\t\t\t\t\tAucune l\u00e9gende\t\t\t\t<\/div>\n\t\t\t\t\t\t\t\t\t\t<\/div>\n\t\t\t\t\t\t\t\t\t<\/div>\n\t\t\t\t\t\t<\/div>\n\t\t\t\t\t\t\t\t\t\t\t<\/div>\n\t\t\t\t\t\t\t<\/div>\n\t\t\t\t\t\t\t\t\t\t\t<\/div>\n\t\t\t\t\t\t\t\t\t\t\t<div class='spectra-image-gallery__control-lightbox' tabindex='0'>\n\t\t\t\t\t\t\t\t\t\t\t<div class=\"swiper spectra-image-gallery__control-lightbox--main\" dir=\"\">\n\t\t\t\t\t<div class=\"swiper-wrapper\">\n\t\t\t\t\t\t\t\t\t\t\t\t\t\n\t\t\t\t\t\t\t<div class=\"swiper-slide\">\n\t\t\t\t\t\t\t\t<img class=\"swiper-lazy\" data-src=\"https:\/\/soeursmcsc.org\/wp-content\/uploads\/2024\/10\/projetMCSC.jpg\" alt=\"\"\/>\n\t\t\t\t\t\t\t\t<div class=\"swiper-lazy-preloader swiper-lazy-preloader-white\"><\/div>\n\t\t\t\t\t\t\t\t\t\t\t\t\t\t\t<\/div>\n\t\t\t\t\t\t\t\t\t\t\t\t\t\n\t\t\t\t\t\t\t<div class=\"swiper-slide\">\n\t\t\t\t\t\t\t\t<img class=\"swiper-lazy\" data-src=\"https:\/\/soeursmcsc.org\/wp-content\/uploads\/2024\/04\/Sante2.jpg\" alt=\"\"\/>\n\t\t\t\t\t\t\t\t<div class=\"swiper-lazy-preloader swiper-lazy-preloader-white\"><\/div>\n\t\t\t\t\t\t\t\t\t\t\t\t\t\t\t<\/div>\n\t\t\t\t\t\t\t\t\t\t\t\t\t\n\t\t\t\t\t\t\t<div class=\"swiper-slide\">\n\t\t\t\t\t\t\t\t<img class=\"swiper-lazy\" data-src=\"https:\/\/soeursmcsc.org\/wp-content\/uploads\/2024\/04\/Sante1.jpg\" alt=\"\"\/>\n\t\t\t\t\t\t\t\t<div class=\"swiper-lazy-preloader swiper-lazy-preloader-white\"><\/div>\n\t\t\t\t\t\t\t\t\t\t\t\t\t\t\t<\/div>\n\t\t\t\t\t\t\t\t\t\t\t<\/div>\n\t\t\t\t\t<div class=\"swiper-button-next\"><\/div>\n\t\t\t\t\t<div class=\"swiper-button-prev\"><\/div>\n\t\t\t\t<\/div>\t\t\t\n\t\t\t\t\t\t\t\t\t\t\t\t\t\t\t\t\t\t\t\t\t\t\t\t\t\t\t\t\t\t\t\t<button class='spectra-image-gallery__control-lightbox--close'>\n\t\t\t\t\t\t\t\t\t\t\t\t\t<svg xmlns=\"https:\/\/www.w3.org\/2000\/svg\" viewBox= \"0 0 320 512\"><path d=\"M310.6 361.4c12.5 12.5 12.5 32.75 0 45.25C304.4 412.9 296.2 416 288 416s-16.38-3.125-22.62-9.375L160 301.3L54.63 406.6C48.38 412.9 40.19 416 32 416S15.63 412.9 9.375 406.6c-12.5-12.5-12.5-32.75 0-45.25l105.4-105.4L9.375 150.6c-12.5-12.5-12.5-32.75 0-45.25s32.75-12.5 45.25 0L160 210.8l105.4-105.4c12.5-12.5 32.75-12.5 45.25 0s12.5 32.75 0 45.25l-105.4 105.4L310.6 361.4z\"><\/path><\/svg>\n\t\t\t\t\t\t\t\t\t\t\t\t<\/button>\n\t\t\t\t\t\t\t\t\t\t\t\t\t<\/div>\n\t\t\t\t\t\t\t\t\t","protected":false},"excerpt":{"rendered":"<p>Approvisionnement en m\u00e9dicaments et la construction d\u2019un b\u00e2timent sanitaire pour le Centre de R\u00e9cup\u00e9ration Nutritionnelle (CRN) de Broukou au Togo. Nous tenons tout d\u2019abord \u00e0 vous t\u00e9moigner notre profonde&#8230;<\/p>\n","protected":false},"author":1,"featured_media":0,"parent":0,"menu_order":0,"comment_status":"closed","ping_status":"closed","template":"","meta":{"_uag_custom_page_level_css":"","_EventAllDay":false,"_EventTimezone":"","_EventStartDate":"","_EventEndDate":"","_EventStartDateUTC":"","_EventEndDateUTC":"","_EventShowMap":false,"_EventShowMapLink":false,"_EventURL":"","_EventCost":"","_EventCostDescription":"","_EventCurrencySymbol":"","_EventCurrencyCode":"","_EventCurrencyPosition":"","_EventDateTimeSeparator":"","_EventTimeRangeSeparator":"","_EventOrganizerID":[],"_EventVenueID":[],"_OrganizerEmail":"","_OrganizerPhone":"","_OrganizerWebsite":"","_VenueAddress":"","_VenueCity":"","_VenueCountry":"","_VenueProvince":"","_VenueState":"","_VenueZip":"","_VenuePhone":"","_VenueURL":"","_VenueStateProvince":"","_VenueLat":"","_VenueLng":"","_VenueShowMap":false,"_VenueShowMapLink":false,"footnotes":""},"class_list":["post-669","page","type-page","status-publish","hentry"],"uagb_featured_image_src":{"full":false,"thumbnail":false,"medium":false,"medium_large":false,"large":false,"1536x1536":false,"2048x2048":false},"uagb_author_info":{"display_name":"MCS-C","author_link":"https:\/\/soeursmcsc.org\/index.php\/author\/admin\/"},"uagb_comment_info":0,"uagb_excerpt":"Approvisionnement en m\u00e9dicaments et la construction d\u2019un b\u00e2timent sanitaire pour le Centre de R\u00e9cup\u00e9ration Nutritionnelle (CRN) de Broukou au Togo. Nous tenons tout d\u2019abord \u00e0 vous t\u00e9moigner notre profonde...","_links":{"self":[{"href":"https:\/\/soeursmcsc.org\/index.php\/wp-json\/wp\/v2\/pages\/669","targetHints":{"allow":["GET"]}}],"collection":[{"href":"https:\/\/soeursmcsc.org\/index.php\/wp-json\/wp\/v2\/pages"}],"about":[{"href":"https:\/\/soeursmcsc.org\/index.php\/wp-json\/wp\/v2\/types\/page"}],"author":[{"embeddable":true,"href":"https:\/\/soeursmcsc.org\/index.php\/wp-json\/wp\/v2\/users\/1"}],"replies":[{"embeddable":true,"href":"https:\/\/soeursmcsc.org\/index.php\/wp-json\/wp\/v2\/comments?post=669"}],"version-history":[{"count":11,"href":"https:\/\/soeursmcsc.org\/index.php\/wp-json\/wp\/v2\/pages\/669\/revisions"}],"predecessor-version":[{"id":987,"href":"https:\/\/soeursmcsc.org\/index.php\/wp-json\/wp\/v2\/pages\/669\/revisions\/987"}],"wp:attachment":[{"href":"https:\/\/soeursmcsc.org\/index.php\/wp-json\/wp\/v2\/media?parent=669"}],"curies":[{"name":"wp","href":"https:\/\/api.w.org\/{rel}","templated":true}]}}