{"id":936,"date":"2024-12-02T17:34:43","date_gmt":"2024-12-02T17:34:43","guid":{"rendered":"https:\/\/bkp.mcsc.smainternational.site\/?page_id=936"},"modified":"2024-12-27T20:56:30","modified_gmt":"2024-12-27T20:56:30","slug":"amis-de-linstitut","status":"publish","type":"page","link":"https:\/\/soeursmcsc.org\/index.php\/amis-de-linstitut\/","title":{"rendered":"Amis de l&rsquo;Institut"},"content":{"rendered":"\n<figure class=\"wp-block-image alignleft size-medium\"><img loading=\"lazy\" decoding=\"async\" width=\"300\" height=\"225\" src=\"https:\/\/soeursmcsc.org\/wp-content\/uploads\/2024\/12\/Les-Soeurs-et-les-Amis-de-Yade-Togo-en-2011-300x225.jpg\" alt=\"\" class=\"wp-image-937\" srcset=\"https:\/\/soeursmcsc.org\/wp-content\/uploads\/2024\/12\/Les-Soeurs-et-les-Amis-de-Yade-Togo-en-2011-300x225.jpg 300w, https:\/\/soeursmcsc.org\/wp-content\/uploads\/2024\/12\/Les-Soeurs-et-les-Amis-de-Yade-Togo-en-2011-1024x768.jpg 1024w, https:\/\/soeursmcsc.org\/wp-content\/uploads\/2024\/12\/Les-Soeurs-et-les-Amis-de-Yade-Togo-en-2011-768x576.jpg 768w, https:\/\/soeursmcsc.org\/wp-content\/uploads\/2024\/12\/Les-Soeurs-et-les-Amis-de-Yade-Togo-en-2011-1536x1152.jpg 1536w, https:\/\/soeursmcsc.org\/wp-content\/uploads\/2024\/12\/Les-Soeurs-et-les-Amis-de-Yade-Togo-en-2011-2048x1536.jpg 2048w\" sizes=\"auto, (max-width: 300px) 100vw, 300px\" \/><\/figure>\n\n\n\n<p>Depuis quelques ann\u00e9es, certaines personnes proches de l&rsquo;Institut ont exprim\u00e9 le d\u00e9sir de tisser des liens plus \u00e9troits avec la congr\u00e9gation, son charisme et sa mission. En r\u00e9ponse \u00e0 cette aspiration, le Chapitre de 1992 a pris la d\u00e9cision de favoriser, dans la mesure du possible, la cr\u00e9ation de petits groupes d&rsquo;amis de l&rsquo;Institut.<br><br>\u00c0 Saint-Didier, un petit groupe appel\u00e9 \u00ab Les Amis de l&rsquo;Institut \u00bb s\u2019est constitu\u00e9 au fil des mois et des ann\u00e9es, progressant ensemble dans un esprit d\u2019\u00e9coute mutuelle. Ces rencontres offrent des moments de pri\u00e8re partag\u00e9e, de r\u00e9flexion autour d\u2019un th\u00e8me ou d\u2019un texte, ainsi que des \u00e9changes sur la vie des S\u0153urs, en Afrique comme en France. Ce groupe rassemble des personnes qui se sentent proches de l\u2019Institut ou d\u2019une communaut\u00e9, en Europe ou en Afrique.<br>Certaines soutiennent la Mission par leurs pri\u00e8res ou leur aide mat\u00e9rielle, tandis que d\u2019autres participent activement, comme \u00e0 Menton, aux divers \u00e9v\u00e9nements de la communaut\u00e9 : f\u00eates, jubil\u00e9s, journ\u00e9es missionnaires ou encore, en Afrique, aux c\u00e9r\u00e9monies de profession religieuse.<br><br>Voici un petit partage d&rsquo;un ami de l&rsquo;Institut&nbsp;:<\/p>\n\n\n\n<p>\u00ab<em> Vivre une amiti\u00e9, partager des temps de r\u00e9flexion et de pri\u00e8re n\u00e9cessitent, pour avancer ensemble, de mieux conna\u00eetre votre Institut, votre spiritualit\u00e9 ainsi que vos projets. Nous pourrions alors mieux vous accompagner par la pri\u00e8re et par un soutien mat\u00e9riel. <\/em>\u00bb<\/p>\n\n\n\t\t\t\t\t<div\n\t\t\t\t\t\tclass=\"wp-block-uagb-image-gallery uagb-block-2181be9f     \"\n\t\t\t\t\t\tstyle=\"\"\n\t\t\t\t\t>\n\t\t\t\t\t\t\t\t\t\t\t<div class=\"spectra-image-gallery spectra-image-gallery__layout--masonry spectra-image-gallery__layout--masonry-col-2 spectra-image-gallery__layout--masonry-col-tab-2 spectra-image-gallery__layout--masonry-col-mob-2\">\n\t\t\t\t\t\t\t\t\t\t\t<div class='spectra-image-gallery__media-wrapper--isotope'>\n\t\t\t\t\t\t\t<div class='spectra-image-gallery__media-wrapper' data-spectra-gallery-image-id='1056'>\n\t\t\t\t\t\t\t<div class=\"spectra-image-gallery__media spectra-image-gallery__media--masonry\">\n\t\t\t\t<picture>\n\t\t\t\t\t<source media=\"(min-width: 1024px)\" srcset=\"https:\/\/soeursmcsc.org\/wp-content\/uploads\/2024\/12\/Les-Amis-de-lInstitut-a-Parakou.jpg\">\n\t\t\t\t\t<source media=\"(min-width: 768px)\" srcset=\"https:\/\/soeursmcsc.org\/wp-content\/uploads\/2024\/12\/Les-Amis-de-lInstitut-a-Parakou-1024x768.jpg\">\n\t\t\t\t\t<img decoding=\"async\" class=\"spectra-image-gallery__media-thumbnail spectra-image-gallery__media-thumbnail--masonry\" src=\"https:\/\/soeursmcsc.org\/wp-content\/uploads\/2024\/12\/Les-Amis-de-lInstitut-a-Parakou-300x225.jpg\" alt=\"\" loading=\"lazy\" \/>\n\t\t\t\t<\/picture>\n\t\t\t\t<div class=\"spectra-image-gallery__media-thumbnail-blurrer\"><\/div>\n\t\t\t\t\t\t\t\t\t\t\t<div class=\"spectra-image-gallery__media-thumbnail-caption-wrapper spectra-image-gallery__media-thumbnail-caption-wrapper--overlay\">\n\t\t\t\t\t\t\t\t\t\t\t<div class=\"spectra-image-gallery__media-thumbnail-caption spectra-image-gallery__media-thumbnail-caption--overlay\">\n\t\t\t\t\tLes Amis de l&rsquo;Institut \u00e0 Parakou\t\t\t\t<\/div>\n\t\t\t\t\t\t\t\t\t\t<\/div>\n\t\t\t\t\t\t\t\t\t<\/div>\n\t\t\t\t\t\t<\/div>\n\t\t\t\t\t\t<\/div>\n\t\t\t\t\t\t<div class='spectra-image-gallery__media-wrapper--isotope'>\n\t\t\t\t\t\t\t<div class='spectra-image-gallery__media-wrapper' data-spectra-gallery-image-id='1055'>\n\t\t\t\t\t\t\t<div class=\"spectra-image-gallery__media spectra-image-gallery__media--masonry\">\n\t\t\t\t<picture>\n\t\t\t\t\t<source media=\"(min-width: 1024px)\" srcset=\"https:\/\/soeursmcsc.org\/wp-content\/uploads\/2024\/12\/Rencontre-des-Amis-de-lInstitut.jpg\">\n\t\t\t\t\t<source media=\"(min-width: 768px)\" srcset=\"https:\/\/soeursmcsc.org\/wp-content\/uploads\/2024\/12\/Rencontre-des-Amis-de-lInstitut-1024x768.jpg\">\n\t\t\t\t\t<img decoding=\"async\" class=\"spectra-image-gallery__media-thumbnail spectra-image-gallery__media-thumbnail--masonry\" src=\"https:\/\/soeursmcsc.org\/wp-content\/uploads\/2024\/12\/Rencontre-des-Amis-de-lInstitut-300x225.jpg\" alt=\"\" loading=\"lazy\" \/>\n\t\t\t\t<\/picture>\n\t\t\t\t<div class=\"spectra-image-gallery__media-thumbnail-blurrer\"><\/div>\n\t\t\t\t\t\t\t\t\t\t\t<div class=\"spectra-image-gallery__media-thumbnail-caption-wrapper spectra-image-gallery__media-thumbnail-caption-wrapper--overlay\">\n\t\t\t\t\t\t\t\t\t\t\t<div class=\"spectra-image-gallery__media-thumbnail-caption spectra-image-gallery__media-thumbnail-caption--overlay\">\n\t\t\t\t\tRencontre des Amis de l&rsquo;Institut\t\t\t\t<\/div>\n\t\t\t\t\t\t\t\t\t\t<\/div>\n\t\t\t\t\t\t\t\t\t<\/div>\n\t\t\t\t\t\t<\/div>\n\t\t\t\t\t\t<\/div>\n\t\t\t\t\t\t\t\t\t\t<\/div>\n\t\t\t\t\t\t\t\t\t\t\t\t\t\t\t\t\t\t<\/div>\n\t\t\t\t\t\t\t\t\t\t\t<div class='spectra-image-gallery__control-lightbox' tabindex='0'>\n\t\t\t\t\t\t\t\t\t\t\t<div class=\"swiper spectra-image-gallery__control-lightbox--main\" dir=\"\">\n\t\t\t\t\t<div class=\"swiper-wrapper\">\n\t\t\t\t\t\t\t\t\t\t\t\t\t\n\t\t\t\t\t\t\t<div class=\"swiper-slide\">\n\t\t\t\t\t\t\t\t<img class=\"swiper-lazy\" data-src=\"https:\/\/soeursmcsc.org\/wp-content\/uploads\/2024\/12\/Les-Amis-de-lInstitut-a-Parakou.jpg\" alt=\"\"\/>\n\t\t\t\t\t\t\t\t<div class=\"swiper-lazy-preloader swiper-lazy-preloader-white\"><\/div>\n\t\t\t\t\t\t\t\t\t\t\t\t\t\t\t\t\t<div class=\"spectra-image-gallery__control-lightbox--caption\" data-spectra-gallery-image-id='1056'>\n\t\t\t\t\t\t\t\t\t\tLes Amis de l&rsquo;Institut \u00e0 Parakou\t\t\t\t\t\t\t\t\t<\/div>\n\t\t\t\t\t\t\t\t\t\t\t\t\t\t\t<\/div>\n\t\t\t\t\t\t\t\t\t\t\t\t\t\n\t\t\t\t\t\t\t<div class=\"swiper-slide\">\n\t\t\t\t\t\t\t\t<img class=\"swiper-lazy\" data-src=\"https:\/\/soeursmcsc.org\/wp-content\/uploads\/2024\/12\/Rencontre-des-Amis-de-lInstitut.jpg\" alt=\"\"\/>\n\t\t\t\t\t\t\t\t<div class=\"swiper-lazy-preloader swiper-lazy-preloader-white\"><\/div>\n\t\t\t\t\t\t\t\t\t\t\t\t\t\t\t\t\t<div class=\"spectra-image-gallery__control-lightbox--caption\" data-spectra-gallery-image-id='1055'>\n\t\t\t\t\t\t\t\t\t\tRencontre des Amis de l&rsquo;Institut\t\t\t\t\t\t\t\t\t<\/div>\n\t\t\t\t\t\t\t\t\t\t\t\t\t\t\t<\/div>\n\t\t\t\t\t\t\t\t\t\t\t<\/div>\n\t\t\t\t\t<div class=\"swiper-button-next\"><\/div>\n\t\t\t\t\t<div class=\"swiper-button-prev\"><\/div>\n\t\t\t\t<\/div>\t\t\t\n\t\t\t\t\t\t\t\t\t\t\t\t\t\t\t\t\t\t\t\t\t\t\t\t\t\t\t\t\t\t\t\t<button class='spectra-image-gallery__control-lightbox--close'>\n\t\t\t\t\t\t\t\t\t\t\t\t\t<svg xmlns=\"https:\/\/www.w3.org\/2000\/svg\" viewBox= \"0 0 320 512\"><path d=\"M310.6 361.4c12.5 12.5 12.5 32.75 0 45.25C304.4 412.9 296.2 416 288 416s-16.38-3.125-22.62-9.375L160 301.3L54.63 406.6C48.38 412.9 40.19 416 32 416S15.63 412.9 9.375 406.6c-12.5-12.5-12.5-32.75 0-45.25l105.4-105.4L9.375 150.6c-12.5-12.5-12.5-32.75 0-45.25s32.75-12.5 45.25 0L160 210.8l105.4-105.4c12.5-12.5 32.75-12.5 45.25 0s12.5 32.75 0 45.25l-105.4 105.4L310.6 361.4z\"><\/path><\/svg>\n\t\t\t\t\t\t\t\t\t\t\t\t<\/button>\n\t\t\t\t\t\t\t\t\t\t\t\t\t<\/div>\n\t\t\t\t\t\t\t\t\t","protected":false},"excerpt":{"rendered":"<p>Depuis quelques ann\u00e9es, certaines personnes proches de l&rsquo;Institut ont exprim\u00e9 le d\u00e9sir de tisser des liens plus \u00e9troits avec la congr\u00e9gation, son charisme et sa mission. En r\u00e9ponse \u00e0&#8230;<\/p>\n","protected":false},"author":1,"featured_media":0,"parent":0,"menu_order":0,"comment_status":"closed","ping_status":"closed","template":"","meta":{"_uag_custom_page_level_css":"","_EventAllDay":false,"_EventTimezone":"","_EventStartDate":"","_EventEndDate":"","_EventStartDateUTC":"","_EventEndDateUTC":"","_EventShowMap":false,"_EventShowMapLink":false,"_EventURL":"","_EventCost":"","_EventCostDescription":"","_EventCurrencySymbol":"","_EventCurrencyCode":"","_EventCurrencyPosition":"","_EventDateTimeSeparator":"","_EventTimeRangeSeparator":"","_EventOrganizerID":[],"_EventVenueID":[],"_OrganizerEmail":"","_OrganizerPhone":"","_OrganizerWebsite":"","_VenueAddress":"","_VenueCity":"","_VenueCountry":"","_VenueProvince":"","_VenueState":"","_VenueZip":"","_VenuePhone":"","_VenueURL":"","_VenueStateProvince":"","_VenueLat":"","_VenueLng":"","_VenueShowMap":false,"_VenueShowMapLink":false,"footnotes":""},"class_list":["post-936","page","type-page","status-publish","hentry"],"uagb_featured_image_src":{"full":false,"thumbnail":false,"medium":false,"medium_large":false,"large":false,"1536x1536":false,"2048x2048":false},"uagb_author_info":{"display_name":"MCS-C","author_link":"https:\/\/soeursmcsc.org\/index.php\/author\/admin\/"},"uagb_comment_info":0,"uagb_excerpt":"Depuis quelques ann\u00e9es, certaines personnes proches de l&rsquo;Institut ont exprim\u00e9 le d\u00e9sir de tisser des liens plus \u00e9troits avec la congr\u00e9gation, son charisme et sa mission. En r\u00e9ponse \u00e0...","_links":{"self":[{"href":"https:\/\/soeursmcsc.org\/index.php\/wp-json\/wp\/v2\/pages\/936","targetHints":{"allow":["GET"]}}],"collection":[{"href":"https:\/\/soeursmcsc.org\/index.php\/wp-json\/wp\/v2\/pages"}],"about":[{"href":"https:\/\/soeursmcsc.org\/index.php\/wp-json\/wp\/v2\/types\/page"}],"author":[{"embeddable":true,"href":"https:\/\/soeursmcsc.org\/index.php\/wp-json\/wp\/v2\/users\/1"}],"replies":[{"embeddable":true,"href":"https:\/\/soeursmcsc.org\/index.php\/wp-json\/wp\/v2\/comments?post=936"}],"version-history":[{"count":5,"href":"https:\/\/soeursmcsc.org\/index.php\/wp-json\/wp\/v2\/pages\/936\/revisions"}],"predecessor-version":[{"id":1061,"href":"https:\/\/soeursmcsc.org\/index.php\/wp-json\/wp\/v2\/pages\/936\/revisions\/1061"}],"wp:attachment":[{"href":"https:\/\/soeursmcsc.org\/index.php\/wp-json\/wp\/v2\/media?parent=936"}],"curies":[{"name":"wp","href":"https:\/\/api.w.org\/{rel}","templated":true}]}}