{"id":941,"date":"2024-12-02T17:55:04","date_gmt":"2024-12-02T17:55:04","guid":{"rendered":"https:\/\/bkp.mcsc.smainternational.site\/?page_id=941"},"modified":"2024-12-28T11:04:21","modified_gmt":"2024-12-28T11:04:21","slug":"etapes-de-cheminement","status":"publish","type":"page","link":"https:\/\/soeursmcsc.org\/index.php\/etapes-de-cheminement\/","title":{"rendered":"\u00c9tapes de cheminement"},"content":{"rendered":"\n<figure class=\"wp-block-image alignleft size-medium\"><img loading=\"lazy\" decoding=\"async\" width=\"300\" height=\"200\" src=\"https:\/\/soeursmcsc.org\/wp-content\/uploads\/2024\/12\/Sr-Bernadette-Horo-prononce-ses-voeux-perpetuels-300x200.jpg\" alt=\"\" class=\"wp-image-946\" srcset=\"https:\/\/soeursmcsc.org\/wp-content\/uploads\/2024\/12\/Sr-Bernadette-Horo-prononce-ses-voeux-perpetuels-300x200.jpg 300w, https:\/\/soeursmcsc.org\/wp-content\/uploads\/2024\/12\/Sr-Bernadette-Horo-prononce-ses-voeux-perpetuels-1024x682.jpg 1024w, https:\/\/soeursmcsc.org\/wp-content\/uploads\/2024\/12\/Sr-Bernadette-Horo-prononce-ses-voeux-perpetuels-768x512.jpg 768w, https:\/\/soeursmcsc.org\/wp-content\/uploads\/2024\/12\/Sr-Bernadette-Horo-prononce-ses-voeux-perpetuels.jpg 1181w\" sizes=\"auto, (max-width: 300px) 100vw, 300px\" \/><figcaption class=\"wp-element-caption\">Sr Bernadette Horo prononce ses voeux perpetuels<\/figcaption><\/figure>\n\n\n\n<ul class=\"wp-block-list\">\n<li><strong>Pr\u00e9-Postulat<\/strong><\/li>\n<\/ul>\n\n\n\n<p>La jeune fille \u00e9tablit un lien avec la Congr\u00e9gation, tout en poursuivant ses \u00e9tudes ou son activit\u00e9 professionnelle, selon sa situation. Cette p\u00e9riode est une phase d\u2019observation et de d\u00e9couverte mutuelle. Le pr\u00e9-postulat permet \u00e0 la jeune fille de faire l\u2019exp\u00e9rience de la vie communautaire, de mieux conna\u00eetre les S\u0153urs, l\u2019Institut, ainsi que ses activit\u00e9s apostoliques.<br>De son c\u00f4t\u00e9, l\u2019Institut apprend \u00e0 conna\u00eetre les jeunes filles, \u00e0 les accompagner dans leur croissance humaine et chr\u00e9tienne, et pr\u00e9ciser leur appel.<\/p>\n\n\n\n<ul class=\"wp-block-list\">\n<li><strong>Postulat<\/strong><\/li>\n<\/ul>\n\n\n\n<p>La jeune fille vit au sein de la communaut\u00e9 de formation, sous la conduite d\u2019une S\u0153ur nomm\u00e9e \u00e0 cet effet. La dur\u00e9e recommand\u00e9e de cette \u00e9tape est d\u2019un \u00e0 deux ans. Il s&rsquo;agit d&rsquo;un premier temps de discernement, marqu\u00e9 par un approfondissement de la foi, une initiation \u00e0 l\u2019\u00e9tude biblique, et une d\u00e9couverte plus intense de la vie de pri\u00e8re en communaut\u00e9.<\/p>\n\n\n\n<ul class=\"wp-block-list\">\n<li><strong>Noviciat<\/strong><\/li>\n<\/ul>\n\n\n\n<p>La jeune fille int\u00e8gre la communaut\u00e9 du noviciat pour une dur\u00e9e de deux ans, au terme desquels elle prononcera son premier engagement temporaire. Le noviciat est encadr\u00e9 par une responsable de formation, avec le soutien d\u2019une \u00e9quipe d\u00e9di\u00e9e, indispensable \u00e0 ce processus. La mission principale de la communaut\u00e9 du noviciat est la formation des novices, s\u2019effor\u00e7ant ainsi de cr\u00e9er un environnement propice \u00e0 leur croissance spirituelle et humaine. Un stage est \u00e9galement pr\u00e9vu au cours de cette p\u00e9riode. La formation inclut l&rsquo;\u00e9tude et la m\u00e9ditation de l&rsquo;\u00c9criture Sainte, la connaissance de l&rsquo;histoire et de la spiritualit\u00e9 de l&rsquo;Institut, un enseignement<br>doctrinal et spirituel, une formation humaine approfondie, ainsi qu\u2019un engagement apostolique.<\/p>\n\n\n\n<ul class=\"wp-block-list\">\n<li><strong>Engagements temporaires<\/strong><\/li>\n<\/ul>\n\n\n\n<p>Les v\u0153ux sont prononc\u00e9s pour une dur\u00e9e d&rsquo;un an. Apr\u00e8s les trois premi\u00e8res ann\u00e9es, la Sup\u00e9rieure G\u00e9n\u00e9rale peut autoriser la profession pour une p\u00e9riode de trois ans.<\/p>\n\n\n\n<ul class=\"wp-block-list\">\n<li><strong>Juniorat<\/strong><\/li>\n<\/ul>\n\n\n\n<p>La jeune religieuse vit en communaut\u00e9, partageant ses engagements tout en poursuivant sa formation spirituelle, doctrinale, biblique, pastorale, humaine et professionnelle. Elle prend part aux diverses rencontres et sessions qui contribuent \u00e0 son \u00e9panouissement dans la<br>connaissance et la pratique de la vie religieuse missionnaire. Les rencontres des jeunes professes sont n\u00e9cessaires et doivent \u00eatre poursuivies tout au long de cette p\u00e9riode. Une S\u0153ur est d\u00e9sign\u00e9e pour l\u2019accompagner tout au long de cette \u00e9tape. La dur\u00e9e du juniorat est de six ans.<\/p>\n\n\n\n<ul class=\"wp-block-list\">\n<li><strong>Engagement d\u00e9finitif<\/strong><\/li>\n<\/ul>\n\n\n\n<p>Durant les ann\u00e9es d\u2019engagement temporaire, la s\u0153ur fait l\u2019exp\u00e9rience de la vie religieuse et communautaire selon les normes de l\u2019Institut, guid\u00e9e par l\u2019Esprit du Seigneur et anim\u00e9e par le d\u00e9sir de r\u00e9pondre \u00e0 son appel. Si elle se sent pr\u00eate \u00e0 s&rsquo;offrir pleinement \u00e0 Dieu par les v\u0153ux perp\u00e9tuels, elle exprime son d\u00e9sir. Une p\u00e9riode de pr\u00e9paration directe et imm\u00e9diate, d&rsquo;une dur\u00e9e de six mois \u00e0 un an, lui sera alors accord\u00e9e avant la profession perp\u00e9tuelle.<\/p>\n\n\n\n<ul class=\"wp-block-list\">\n<li><strong>Formation permanente<\/strong><\/li>\n<\/ul>\n\n\n\n<p>\u00ab\u00a0La formation permanente fait partie des exigences de la vie consacr\u00e9e. \u00c0 aucune \u00e9tape de la vie, on ne peut se consid\u00e9rer comme assez s\u00fbr de soi et fervent pour exclure la n\u00e9cessit\u00e9 d\u2019efforts pour approfondir ses connaissances\u00a0\u00bb. (Vita Cons. n\u00b0 69)<br><br>Tout au long de son existence, chacune s&rsquo;efforce de se perfectionner au plan spirituel, culturel et professionnel. La formation permanente repose principalement sur la connaissance de l\u2019\u00c9criture Sainte et de la doctrine, ainsi que sur l\u2019\u00e9tude d\u2019ouvrages et la participation \u00e0 des sessions.<\/p>\n\n\n\t\t\t\t\t<div\n\t\t\t\t\t\tclass=\"wp-block-uagb-image-gallery uagb-block-e05e29ce     \"\n\t\t\t\t\t\tstyle=\"\"\n\t\t\t\t\t>\n\t\t\t\t\t\t\t\t\t\t\t<div class=\"spectra-image-gallery spectra-image-gallery__layout--carousel\">\n\t\t\t\t\t\t\t\t<div class=\"uagb-slick-carousel uagb-block-e05e29ce\">\n\t\t\t\t\t\t\t\t\t\t\t\t<div class='spectra-image-gallery__media-wrapper' data-spectra-gallery-image-id='944'>\n\t\t\t\t\t\t\t<div class=\"spectra-image-gallery__media spectra-image-gallery__media--carousel\">\n\t\t\t\t<picture>\n\t\t\t\t\t<source media=\"(min-width: 1024px)\" srcset=\"https:\/\/soeursmcsc.org\/wp-content\/uploads\/2024\/12\/Les-novices-a-la-Maison-de-Formation-a-Parakou-1024x683.jpg\">\n\t\t\t\t\t<source media=\"(min-width: 768px)\" srcset=\"https:\/\/soeursmcsc.org\/wp-content\/uploads\/2024\/12\/Les-novices-a-la-Maison-de-Formation-a-Parakou-1024x683.jpg\">\n\t\t\t\t\t<img decoding=\"async\" class=\"spectra-image-gallery__media-thumbnail spectra-image-gallery__media-thumbnail--carousel\" src=\"https:\/\/soeursmcsc.org\/wp-content\/uploads\/2024\/12\/Les-novices-a-la-Maison-de-Formation-a-Parakou-300x200.jpg\" alt=\"\" loading=\"lazy\" \/>\n\t\t\t\t<\/picture>\n\t\t\t\t<div class=\"spectra-image-gallery__media-thumbnail-blurrer\"><\/div>\n\t\t\t\t\t\t\t\t\t\t\t<div class=\"spectra-image-gallery__media-thumbnail-caption-wrapper spectra-image-gallery__media-thumbnail-caption-wrapper--overlay\">\n\t\t\t\t\t\t\t\t\t\t\t<div class=\"spectra-image-gallery__media-thumbnail-caption spectra-image-gallery__media-thumbnail-caption--overlay\">\n\t\t\t\t\tL&rsquo;engagement temporaire de Soeur Bartinee Estelle\t\t\t\t<\/div>\n\t\t\t\t\t\t\t\t\t\t<\/div>\n\t\t\t\t\t\t\t\t\t<\/div>\n\t\t\t\t\t\t<\/div>\n\t\t\t\t\t\t<div class='spectra-image-gallery__media-wrapper' data-spectra-gallery-image-id='942'>\n\t\t\t\t\t\t\t<div class=\"spectra-image-gallery__media spectra-image-gallery__media--carousel\">\n\t\t\t\t<picture>\n\t\t\t\t\t<source media=\"(min-width: 1024px)\" srcset=\"https:\/\/soeursmcsc.org\/wp-content\/uploads\/2024\/12\/Renouvellement-des-voeux-de-Soeur-Marcelline-Sodji-e1734601971320-1024x805.jpg\">\n\t\t\t\t\t<source media=\"(min-width: 768px)\" srcset=\"https:\/\/soeursmcsc.org\/wp-content\/uploads\/2024\/12\/Renouvellement-des-voeux-de-Soeur-Marcelline-Sodji-e1734601971320-1024x805.jpg\">\n\t\t\t\t\t<img decoding=\"async\" class=\"spectra-image-gallery__media-thumbnail spectra-image-gallery__media-thumbnail--carousel\" src=\"https:\/\/soeursmcsc.org\/wp-content\/uploads\/2024\/12\/Renouvellement-des-voeux-de-Soeur-Marcelline-Sodji-e1734601971320-300x236.jpg\" alt=\"\" loading=\"lazy\" \/>\n\t\t\t\t<\/picture>\n\t\t\t\t<div class=\"spectra-image-gallery__media-thumbnail-blurrer\"><\/div>\n\t\t\t\t\t\t\t\t\t\t\t<div class=\"spectra-image-gallery__media-thumbnail-caption-wrapper spectra-image-gallery__media-thumbnail-caption-wrapper--overlay\">\n\t\t\t\t\t\t\t\t\t\t\t<div class=\"spectra-image-gallery__media-thumbnail-caption spectra-image-gallery__media-thumbnail-caption--overlay\">\n\t\t\t\t\tRenouvellement des v\u0153ux de Soeur Marcelline Sodji\t\t\t\t<\/div>\n\t\t\t\t\t\t\t\t\t\t<\/div>\n\t\t\t\t\t\t\t\t\t<\/div>\n\t\t\t\t\t\t<\/div>\n\t\t\t\t\t\t<div class='spectra-image-gallery__media-wrapper' data-spectra-gallery-image-id='945'>\n\t\t\t\t\t\t\t<div class=\"spectra-image-gallery__media spectra-image-gallery__media--carousel\">\n\t\t\t\t<picture>\n\t\t\t\t\t<source media=\"(min-width: 1024px)\" srcset=\"https:\/\/soeursmcsc.org\/wp-content\/uploads\/2024\/12\/Les-novices-de-lannee-2008-Jeanne-Vincentia-Esther-et-Iwona-a-la-maison-de-formation-a-Parakou-1024x683.jpg\">\n\t\t\t\t\t<source media=\"(min-width: 768px)\" srcset=\"https:\/\/soeursmcsc.org\/wp-content\/uploads\/2024\/12\/Les-novices-de-lannee-2008-Jeanne-Vincentia-Esther-et-Iwona-a-la-maison-de-formation-a-Parakou-1024x683.jpg\">\n\t\t\t\t\t<img decoding=\"async\" class=\"spectra-image-gallery__media-thumbnail spectra-image-gallery__media-thumbnail--carousel\" src=\"https:\/\/soeursmcsc.org\/wp-content\/uploads\/2024\/12\/Les-novices-de-lannee-2008-Jeanne-Vincentia-Esther-et-Iwona-a-la-maison-de-formation-a-Parakou-300x200.jpg\" alt=\"\" loading=\"lazy\" \/>\n\t\t\t\t<\/picture>\n\t\t\t\t<div class=\"spectra-image-gallery__media-thumbnail-blurrer\"><\/div>\n\t\t\t\t\t\t\t\t\t\t\t<div class=\"spectra-image-gallery__media-thumbnail-caption-wrapper spectra-image-gallery__media-thumbnail-caption-wrapper--overlay\">\n\t\t\t\t\t\t\t\t\t\t\t<div class=\"spectra-image-gallery__media-thumbnail-caption spectra-image-gallery__media-thumbnail-caption--overlay\">\n\t\t\t\t\tLes novices de l&rsquo;ann\u00e9e 2008. Jeanne Vincentia Esther et Iwon \u00e0 la maison de formation \u00e0 Parakou\t\t\t\t<\/div>\n\t\t\t\t\t\t\t\t\t\t<\/div>\n\t\t\t\t\t\t\t\t\t<\/div>\n\t\t\t\t\t\t<\/div>\n\t\t\t\t\t\t<div class='spectra-image-gallery__media-wrapper' data-spectra-gallery-image-id='947'>\n\t\t\t\t\t\t\t<div class=\"spectra-image-gallery__media spectra-image-gallery__media--carousel\">\n\t\t\t\t<picture>\n\t\t\t\t\t<source media=\"(min-width: 1024px)\" srcset=\"https:\/\/soeursmcsc.org\/wp-content\/uploads\/2024\/12\/Lengagement-definitif-de-Soeurs-Esther-et-Vincentia.jpg\">\n\t\t\t\t\t<source media=\"(min-width: 768px)\" srcset=\"https:\/\/soeursmcsc.org\/wp-content\/uploads\/2024\/12\/Lengagement-definitif-de-Soeurs-Esther-et-Vincentia.jpg\">\n\t\t\t\t\t<img decoding=\"async\" class=\"spectra-image-gallery__media-thumbnail spectra-image-gallery__media-thumbnail--carousel\" src=\"https:\/\/soeursmcsc.org\/wp-content\/uploads\/2024\/12\/Lengagement-definitif-de-Soeurs-Esther-et-Vincentia-300x225.jpg\" alt=\"\" loading=\"lazy\" \/>\n\t\t\t\t<\/picture>\n\t\t\t\t<div class=\"spectra-image-gallery__media-thumbnail-blurrer\"><\/div>\n\t\t\t\t\t\t\t\t\t\t\t<div class=\"spectra-image-gallery__media-thumbnail-caption-wrapper spectra-image-gallery__media-thumbnail-caption-wrapper--overlay\">\n\t\t\t\t\t\t\t\t\t\t\t<div class=\"spectra-image-gallery__media-thumbnail-caption spectra-image-gallery__media-thumbnail-caption--overlay\">\n\t\t\t\t\tL&rsquo;engagement definitif de Soeurs Esther et Vincentia\t\t\t\t<\/div>\n\t\t\t\t\t\t\t\t\t\t<\/div>\n\t\t\t\t\t\t\t\t\t<\/div>\n\t\t\t\t\t\t<\/div>\n\t\t\t\t\t\t\t\t\t\t\t<\/div>\n\t\t\t\t\t\t\t<\/div>\n\t\t\t\t\t\t\t\t\t\t\t<\/div>\n\t\t\t\t\t\t\t\t\t\t\t<div class='spectra-image-gallery__control-lightbox' tabindex='0'>\n\t\t\t\t\t\t\t\t\t\t\t<div class=\"swiper spectra-image-gallery__control-lightbox--main\" dir=\"\">\n\t\t\t\t\t<div class=\"swiper-wrapper\">\n\t\t\t\t\t\t\t\t\t\t\t\t\t\n\t\t\t\t\t\t\t<div class=\"swiper-slide\">\n\t\t\t\t\t\t\t\t<img class=\"swiper-lazy\" data-src=\"https:\/\/soeursmcsc.org\/wp-content\/uploads\/2024\/12\/Les-novices-a-la-Maison-de-Formation-a-Parakou.jpg\" alt=\"\"\/>\n\t\t\t\t\t\t\t\t<div class=\"swiper-lazy-preloader swiper-lazy-preloader-white\"><\/div>\n\t\t\t\t\t\t\t\t\t\t\t\t\t\t\t\t\t<div class=\"spectra-image-gallery__control-lightbox--caption\" data-spectra-gallery-image-id='944'>\n\t\t\t\t\t\t\t\t\t\tL&rsquo;engagement temporaire de Soeur Bartinee Estelle\t\t\t\t\t\t\t\t\t<\/div>\n\t\t\t\t\t\t\t\t\t\t\t\t\t\t\t<\/div>\n\t\t\t\t\t\t\t\t\t\t\t\t\t\n\t\t\t\t\t\t\t<div class=\"swiper-slide\">\n\t\t\t\t\t\t\t\t<img class=\"swiper-lazy\" data-src=\"https:\/\/soeursmcsc.org\/wp-content\/uploads\/2024\/12\/Renouvellement-des-voeux-de-Soeur-Marcelline-Sodji-e1734601971320.jpg\" alt=\"\"\/>\n\t\t\t\t\t\t\t\t<div class=\"swiper-lazy-preloader swiper-lazy-preloader-white\"><\/div>\n\t\t\t\t\t\t\t\t\t\t\t\t\t\t\t\t\t<div class=\"spectra-image-gallery__control-lightbox--caption\" data-spectra-gallery-image-id='942'>\n\t\t\t\t\t\t\t\t\t\tRenouvellement des v\u0153ux de Soeur Marcelline Sodji\t\t\t\t\t\t\t\t\t<\/div>\n\t\t\t\t\t\t\t\t\t\t\t\t\t\t\t<\/div>\n\t\t\t\t\t\t\t\t\t\t\t\t\t\n\t\t\t\t\t\t\t<div class=\"swiper-slide\">\n\t\t\t\t\t\t\t\t<img class=\"swiper-lazy\" data-src=\"https:\/\/soeursmcsc.org\/wp-content\/uploads\/2024\/12\/Les-novices-de-lannee-2008-Jeanne-Vincentia-Esther-et-Iwona-a-la-maison-de-formation-a-Parakou-scaled.jpg\" alt=\"\"\/>\n\t\t\t\t\t\t\t\t<div class=\"swiper-lazy-preloader swiper-lazy-preloader-white\"><\/div>\n\t\t\t\t\t\t\t\t\t\t\t\t\t\t\t\t\t<div class=\"spectra-image-gallery__control-lightbox--caption\" data-spectra-gallery-image-id='945'>\n\t\t\t\t\t\t\t\t\t\tLes novices de l&rsquo;ann\u00e9e 2008. Jeanne Vincentia Esther et Iwon \u00e0 la maison de formation \u00e0 Parakou\t\t\t\t\t\t\t\t\t<\/div>\n\t\t\t\t\t\t\t\t\t\t\t\t\t\t\t<\/div>\n\t\t\t\t\t\t\t\t\t\t\t\t\t\n\t\t\t\t\t\t\t<div class=\"swiper-slide\">\n\t\t\t\t\t\t\t\t<img class=\"swiper-lazy\" data-src=\"https:\/\/soeursmcsc.org\/wp-content\/uploads\/2024\/12\/Lengagement-definitif-de-Soeurs-Esther-et-Vincentia.jpg\" alt=\"\"\/>\n\t\t\t\t\t\t\t\t<div class=\"swiper-lazy-preloader swiper-lazy-preloader-white\"><\/div>\n\t\t\t\t\t\t\t\t\t\t\t\t\t\t\t\t\t<div class=\"spectra-image-gallery__control-lightbox--caption\" data-spectra-gallery-image-id='947'>\n\t\t\t\t\t\t\t\t\t\tL&rsquo;engagement definitif de Soeurs Esther et Vincentia\t\t\t\t\t\t\t\t\t<\/div>\n\t\t\t\t\t\t\t\t\t\t\t\t\t\t\t<\/div>\n\t\t\t\t\t\t\t\t\t\t\t<\/div>\n\t\t\t\t\t<div class=\"swiper-button-next\"><\/div>\n\t\t\t\t\t<div class=\"swiper-button-prev\"><\/div>\n\t\t\t\t<\/div>\t\t\t\n\t\t\t\t\t\t\t\t\t\t\t\t\t\t\t\t\t\t\t\t\t\t\t\t\t\t\t\t\t\t\t\t<button class='spectra-image-gallery__control-lightbox--close'>\n\t\t\t\t\t\t\t\t\t\t\t\t\t<svg xmlns=\"https:\/\/www.w3.org\/2000\/svg\" viewBox= \"0 0 320 512\"><path d=\"M310.6 361.4c12.5 12.5 12.5 32.75 0 45.25C304.4 412.9 296.2 416 288 416s-16.38-3.125-22.62-9.375L160 301.3L54.63 406.6C48.38 412.9 40.19 416 32 416S15.63 412.9 9.375 406.6c-12.5-12.5-12.5-32.75 0-45.25l105.4-105.4L9.375 150.6c-12.5-12.5-12.5-32.75 0-45.25s32.75-12.5 45.25 0L160 210.8l105.4-105.4c12.5-12.5 32.75-12.5 45.25 0s12.5 32.75 0 45.25l-105.4 105.4L310.6 361.4z\"><\/path><\/svg>\n\t\t\t\t\t\t\t\t\t\t\t\t<\/button>\n\t\t\t\t\t\t\t\t\t\t\t\t\t<\/div>\n\t\t\t\t\t\t\t\t\t\n\n\n<p><\/p>\n","protected":false},"excerpt":{"rendered":"<p>La jeune fille \u00e9tablit un lien avec la Congr\u00e9gation, tout en poursuivant ses \u00e9tudes ou son activit\u00e9 professionnelle, selon sa situation. Cette p\u00e9riode est une phase d\u2019observation et de&#8230;<\/p>\n","protected":false},"author":1,"featured_media":0,"parent":0,"menu_order":0,"comment_status":"closed","ping_status":"closed","template":"","meta":{"_uag_custom_page_level_css":"","_EventAllDay":false,"_EventTimezone":"","_EventStartDate":"","_EventEndDate":"","_EventStartDateUTC":"","_EventEndDateUTC":"","_EventShowMap":false,"_EventShowMapLink":false,"_EventURL":"","_EventCost":"","_EventCostDescription":"","_EventCurrencySymbol":"","_EventCurrencyCode":"","_EventCurrencyPosition":"","_EventDateTimeSeparator":"","_EventTimeRangeSeparator":"","_EventOrganizerID":[],"_EventVenueID":[],"_OrganizerEmail":"","_OrganizerPhone":"","_OrganizerWebsite":"","_VenueAddress":"","_VenueCity":"","_VenueCountry":"","_VenueProvince":"","_VenueState":"","_VenueZip":"","_VenuePhone":"","_VenueURL":"","_VenueStateProvince":"","_VenueLat":"","_VenueLng":"","_VenueShowMap":false,"_VenueShowMapLink":false,"footnotes":""},"class_list":["post-941","page","type-page","status-publish","hentry"],"uagb_featured_image_src":{"full":false,"thumbnail":false,"medium":false,"medium_large":false,"large":false,"1536x1536":false,"2048x2048":false},"uagb_author_info":{"display_name":"MCS-C","author_link":"https:\/\/soeursmcsc.org\/index.php\/author\/admin\/"},"uagb_comment_info":0,"uagb_excerpt":"La jeune fille \u00e9tablit un lien avec la Congr\u00e9gation, tout en poursuivant ses \u00e9tudes ou son activit\u00e9 professionnelle, selon sa situation. Cette p\u00e9riode est une phase d\u2019observation et de...","_links":{"self":[{"href":"https:\/\/soeursmcsc.org\/index.php\/wp-json\/wp\/v2\/pages\/941","targetHints":{"allow":["GET"]}}],"collection":[{"href":"https:\/\/soeursmcsc.org\/index.php\/wp-json\/wp\/v2\/pages"}],"about":[{"href":"https:\/\/soeursmcsc.org\/index.php\/wp-json\/wp\/v2\/types\/page"}],"author":[{"embeddable":true,"href":"https:\/\/soeursmcsc.org\/index.php\/wp-json\/wp\/v2\/users\/1"}],"replies":[{"embeddable":true,"href":"https:\/\/soeursmcsc.org\/index.php\/wp-json\/wp\/v2\/comments?post=941"}],"version-history":[{"count":14,"href":"https:\/\/soeursmcsc.org\/index.php\/wp-json\/wp\/v2\/pages\/941\/revisions"}],"predecessor-version":[{"id":1209,"href":"https:\/\/soeursmcsc.org\/index.php\/wp-json\/wp\/v2\/pages\/941\/revisions\/1209"}],"wp:attachment":[{"href":"https:\/\/soeursmcsc.org\/index.php\/wp-json\/wp\/v2\/media?parent=941"}],"curies":[{"name":"wp","href":"https:\/\/api.w.org\/{rel}","templated":true}]}}